{"id":49,"date":"2023-07-26T16:46:12","date_gmt":"2023-07-26T13:46:12","guid":{"rendered":"http:\/\/aslihazalakalin.av.tr\/tr\/?page_id=49"},"modified":"2023-09-11T00:12:29","modified_gmt":"2023-09-10T21:12:29","slug":"calisma-alanlari","status":"publish","type":"page","link":"https:\/\/aslihazalakalin.av.tr\/tr\/index.php\/calisma-alanlari\/","title":{"rendered":"\u00c7al\u0131\u015fma Alanlar\u0131"},"content":{"rendered":"\t\t<div data-elementor-type=\"wp-page\" data-elementor-id=\"49\" class=\"elementor elementor-49\">\n\t\t\t\t\t\t\t\t\t<section class=\"elementor-section elementor-top-section elementor-element elementor-element-72a96be5 elementor-section-boxed elementor-section-height-default elementor-section-height-default\" data-id=\"72a96be5\" data-element_type=\"section\">\n\t\t\t\t\t\t<div class=\"elementor-container elementor-column-gap-default\">\n\t\t\t\t\t<div class=\"elementor-column elementor-col-100 elementor-top-column elementor-element elementor-element-c852db1\" data-id=\"c852db1\" data-element_type=\"column\">\n\t\t\t<div class=\"elementor-widget-wrap elementor-element-populated\">\n\t\t\t\t\t\t\t\t<div class=\"elementor-element elementor-element-12c14126 elementor-widget elementor-widget-text-editor\" data-id=\"12c14126\" data-element_type=\"widget\" data-widget_type=\"text-editor.default\">\n\t\t\t\t<div class=\"elementor-widget-container\">\n\t\t\t<style>\/*! elementor - v3.15.0 - 20-08-2023 *\/\n.elementor-widget-text-editor.elementor-drop-cap-view-stacked .elementor-drop-cap{background-color:#69727d;color:#fff}.elementor-widget-text-editor.elementor-drop-cap-view-framed .elementor-drop-cap{color:#69727d;border:3px solid;background-color:transparent}.elementor-widget-text-editor:not(.elementor-drop-cap-view-default) .elementor-drop-cap{margin-top:8px}.elementor-widget-text-editor:not(.elementor-drop-cap-view-default) .elementor-drop-cap-letter{width:1em;height:1em}.elementor-widget-text-editor .elementor-drop-cap{float:left;text-align:center;line-height:1;font-size:50px}.elementor-widget-text-editor .elementor-drop-cap-letter{display:inline-block}<\/style>\t\t\t\t<p>&nbsp;<\/p>\n<!-- wp:stevehenty\/drop-shadow-box -->\n<div class=\"wp-block-stevehenty-drop-shadow-box dropshadowboxes-container\" onclick=\"location.href='https:\/\/aslihazalakalin.av.tr\/tr\/index.php\/aile-hukuku\/';\" style=\"width: auto; cursor: pointer;\">\n<div class=\"dropshadowboxes-drop-shadow dropshadowboxes-lifted-both dropshadowboxes-rounded-corners dropshadowboxes-inside-and-outside-shadow\" style=\"background-color: #ffffff; ;padding: 10px; border: 2px solid #DDDDDD;\">\n<div><!-- wp:heading -->\n<h2 class=\"wp-block-heading\">Aile Hukuku<\/h2>\n<!-- \/wp:heading -->\n\n<!-- wp:paragraph -->\n<p>Bo\u015fanma, nafaka, tan\u0131ma, tenfiz, soyba\u011f\u0131n\u0131n reddi vs.<\/p>\n<!-- \/wp:paragraph --><\/div>\n<\/div>\n<\/div>\n<!-- \/wp:stevehenty\/drop-shadow-box -->\n\n<!-- wp:stevehenty\/drop-shadow-box -->\n<div class=\"wp-block-stevehenty-drop-shadow-box dropshadowboxes-container\" onclick=\"location.href='https:\/\/aslihazalakalin.av.tr\/tr\/index.php\/miras-hukuku\/';\" style=\"width: auto; cursor: pointer;\">\n<div class=\"dropshadowboxes-drop-shadow dropshadowboxes-lifted-both dropshadowboxes-rounded-corners dropshadowboxes-inside-and-outside-shadow\" style=\"background-color: #ffffff; ;padding: 10px; border: 2px solid #DDDDDD;\">\n<div><!-- wp:heading -->\n<h2 class=\"wp-block-heading\">Miras Hukuku<\/h2>\n<!-- \/wp:heading -->\n\n<!-- wp:paragraph -->\n<p>&nbsp;<\/p>\n<!-- \/wp:paragraph --><\/div>\n<\/div>\n<\/div>\n<!-- \/wp:stevehenty\/drop-shadow-box -->\n\n<!-- wp:stevehenty\/drop-shadow-box -->\n<div class=\"wp-block-stevehenty-drop-shadow-box dropshadowboxes-container\" onclick=\"location.href='https:\/\/aslihazalakalin.av.tr\/tr\/index.php\/ceza-ve-ceza-usul-hukuku\/';\" style=\"width: auto; cursor: pointer;\">\n<div class=\"dropshadowboxes-drop-shadow dropshadowboxes-lifted-both dropshadowboxes-rounded-corners dropshadowboxes-inside-and-outside-shadow\" style=\"background-color: #ffffff; ;padding: 10px; border: 2px solid #DDDDDD;\">\n<div><!-- wp:heading -->\n<h2 class=\"wp-block-heading\">Ceza ve Ceza Usul Hukuku<\/h2>\n<!-- \/wp:heading -->\n\n<!-- wp:paragraph -->\n<p>&nbsp;<\/p>\n<!-- \/wp:paragraph --><\/div>\n<\/div>\n<\/div>\n<!-- \/wp:stevehenty\/drop-shadow-box -->\n\n<!-- wp:stevehenty\/drop-shadow-box -->\n<div class=\"wp-block-stevehenty-drop-shadow-box dropshadowboxes-container\" onclick=\"location.href='https:\/\/aslihazalakalin.av.tr\/tr\/index.php\/is-ve-sosyal-guvenlik-hukuku\/';\" style=\"width: auto; cursor: pointer;\">\n<div class=\"dropshadowboxes-drop-shadow dropshadowboxes-lifted-both dropshadowboxes-rounded-corners dropshadowboxes-inside-and-outside-shadow\" style=\"background-color: #ffffff; ;padding: 10px; border: 2px solid #DDDDDD;\">\n<div><!-- wp:heading -->\n<h2 class=\"wp-block-heading\">\u0130\u015f ve Sosyal G\u00fcvenlik Hukuku<\/h2>\n<!-- \/wp:heading -->\n\n<!-- wp:paragraph -->\n<p>&nbsp;<\/p>\n<!-- \/wp:paragraph --><\/div>\n<\/div>\n<\/div>\n<!-- \/wp:stevehenty\/drop-shadow-box -->\n\n<!-- wp:stevehenty\/drop-shadow-box -->\n<div class=\"wp-block-stevehenty-drop-shadow-box dropshadowboxes-container\" onclick=\"location.href='https:\/\/aslihazalakalin.av.tr\/tr\/index.php\/idare-ve-vergi-hukuku\/';\" style=\"width: auto; cursor: pointer;\">\n<div class=\"dropshadowboxes-drop-shadow dropshadowboxes-lifted-both dropshadowboxes-rounded-corners dropshadowboxes-inside-and-outside-shadow\" style=\"background-color: #ffffff; ;padding: 10px; border: 2px solid #DDDDDD;\">\n<div><!-- wp:heading -->\n<h2 class=\"wp-block-heading\">\u0130dare ve Vergi Hukuku<\/h2>\n<!-- \/wp:heading -->\n\n<!-- wp:paragraph -->\n<p>&nbsp;<\/p>\n<!-- \/wp:paragraph --><\/div>\n<\/div>\n<\/div>\n<!-- \/wp:stevehenty\/drop-shadow-box -->\n\n<!-- wp:stevehenty\/drop-shadow-box -->\n<div class=\"wp-block-stevehenty-drop-shadow-box dropshadowboxes-container\" onclick=\"location.href='https:\/\/aslihazalakalin.av.tr\/tr\/index.php\/icra-ve-iflas-hukuku\/';\" style=\"width: auto; cursor: pointer;\">\n<div class=\"dropshadowboxes-drop-shadow dropshadowboxes-lifted-both dropshadowboxes-rounded-corners dropshadowboxes-inside-and-outside-shadow\" style=\"background-color: #ffffff; ;padding: 10px; border: 2px solid #DDDDDD;\">\n<div><!-- wp:heading -->\n<h2 class=\"wp-block-heading\">\u0130cra \u0130flas Hukuku<\/h2>\n<!-- \/wp:heading -->\n\n<!-- wp:paragraph -->\n<p>&nbsp;<\/p>\n<!-- \/wp:paragraph --><\/div>\n<\/div>\n<\/div>\n<!-- \/wp:stevehenty\/drop-shadow-box -->\n\n<!-- wp:stevehenty\/drop-shadow-box -->\n<div class=\"wp-block-stevehenty-drop-shadow-box dropshadowboxes-container\" onclick=\"location.href='https:\/\/aslihazalakalin.av.tr\/tr\/index.php\/gayrimenkul-hukuku-tapu-iptal-tescil-davalari-ve-kamulastirma\/';\" style=\"width: auto; cursor: pointer;\">\n<div class=\"dropshadowboxes-drop-shadow dropshadowboxes-lifted-both dropshadowboxes-rounded-corners dropshadowboxes-inside-and-outside-shadow\" style=\"background-color: #ffffff; ;padding: 10px; border: 2px solid #DDDDDD;\">\n<div><!-- wp:heading -->\n<h2 class=\"wp-block-heading\">Gayrimenkul Hukuku, Tapu \u0130ptal Tescil Davalar\u0131 ve Kamula\u015ft\u0131rma<\/h2>\n<!-- \/wp:heading -->\n\n<!-- wp:paragraph -->\n<p>&nbsp;<\/p>\n<!-- \/wp:paragraph --><\/div>\n<\/div>\n<\/div>\n<!-- \/wp:stevehenty\/drop-shadow-box -->\n\n<!-- wp:stevehenty\/drop-shadow-box -->\n<div class=\"wp-block-stevehenty-drop-shadow-box dropshadowboxes-container\" onclick=\"location.href='https:\/\/aslihazalakalin.av.tr\/tr\/index.php\/sigorta-hukuku\/';\" style=\"width: auto; cursor: pointer;\">\n<div class=\"dropshadowboxes-drop-shadow dropshadowboxes-lifted-both dropshadowboxes-rounded-corners dropshadowboxes-inside-and-outside-shadow\" style=\"background-color: #ffffff; ;padding: 10px; border: 2px solid #DDDDDD;\">\n<div><!-- wp:heading -->\n<h2 class=\"wp-block-heading\">Sigorta Hukuku<\/h2>\n<!-- \/wp:heading -->\n\n<!-- wp:paragraph -->\n<p>&nbsp;<\/p>\n<!-- \/wp:paragraph --><\/div>\n<\/div>\n<\/div>\n<!-- \/wp:stevehenty\/drop-shadow-box -->\n\n<!-- wp:stevehenty\/drop-shadow-box -->\n<div class=\"wp-block-stevehenty-drop-shadow-box dropshadowboxes-container\" onclick=\"location.href='https:\/\/aslihazalakalin.av.tr\/tr\/index.php\/ticari-isletme-sirketler-ve-kiymetli-evrak-hukuku\/';\" style=\"width: auto; cursor: pointer;\">\n<div class=\"dropshadowboxes-drop-shadow dropshadowboxes-lifted-both dropshadowboxes-rounded-corners dropshadowboxes-inside-and-outside-shadow\" style=\"background-color: #ffffff; ;padding: 10px; border: 2px solid #DDDDDD;\">\n<div><!-- wp:heading -->\n<h2 class=\"wp-block-heading\">Ticari \u0130\u015fletme, \u015eirketler ve K\u0131ymetli Evrak Hukuku<\/h2>\n<!-- \/wp:heading -->\n\n<!-- wp:paragraph -->\n<p>Birle\u015fme, devralma<\/p>\n<!-- \/wp:paragraph --><\/div>\n<\/div>\n<\/div>\n<!-- \/wp:stevehenty\/drop-shadow-box -->\n\n<!-- wp:stevehenty\/drop-shadow-box -->\n<div class=\"wp-block-stevehenty-drop-shadow-box dropshadowboxes-container\" onclick=\"location.href='https:\/\/aslihazalakalin.av.tr\/tr\/index.php\/tuketici-hukuku\/';\" style=\"width: auto; cursor: pointer;\">\n<div class=\"dropshadowboxes-drop-shadow dropshadowboxes-lifted-both dropshadowboxes-rounded-corners dropshadowboxes-inside-and-outside-shadow\" style=\"background-color: #ffffff; ;padding: 10px; border: 2px solid #DDDDDD;\">\n<div><!-- wp:heading -->\n<h2 class=\"wp-block-heading\">T\u00fcketici Hukuku<\/h2>\n<!-- \/wp:heading -->\n\n<!-- wp:paragraph -->\n<p>&nbsp;<\/p>\n<!-- \/wp:paragraph --><\/div>\n<\/div>\n<\/div>\n<!-- \/wp:stevehenty\/drop-shadow-box -->\n\n<!-- wp:stevehenty\/drop-shadow-box -->\n<div class=\"wp-block-stevehenty-drop-shadow-box dropshadowboxes-container\" onclick=\"location.href='https:\/\/aslihazalakalin.av.tr\/tr\/index.php\/kvkk-hukuku\/';\" style=\"width: auto; cursor: pointer;\">\n<div class=\"dropshadowboxes-drop-shadow dropshadowboxes-lifted-both dropshadowboxes-rounded-corners dropshadowboxes-inside-and-outside-shadow\" style=\"background-color: #ffffff; ;padding: 10px; border: 2px solid #DDDDDD;\">\n<div><!-- wp:heading -->\n<h2 class=\"wp-block-heading\">KVKK Hukuku<\/h2>\n<!-- \/wp:heading -->\n\n<!-- wp:paragraph -->\n<p>&nbsp;<\/p>\n<!-- \/wp:paragraph --><\/div>\n<\/div>\n<\/div>\n<!-- \/wp:stevehenty\/drop-shadow-box -->\n\n<!-- wp:stevehenty\/drop-shadow-box -->\n<div class=\"wp-block-stevehenty-drop-shadow-box dropshadowboxes-container\" onclick=\"location.href='https:\/\/aslihazalakalin.av.tr\/tr\/index.php\/bilisim-hukuku\/';\" style=\"width: auto; cursor: pointer;\">\n<div class=\"dropshadowboxes-drop-shadow dropshadowboxes-lifted-both dropshadowboxes-rounded-corners dropshadowboxes-inside-and-outside-shadow\" style=\"background-color: #ffffff; ;padding: 10px; border: 2px solid #DDDDDD;\">\n<div><!-- wp:heading -->\n<h2 class=\"wp-block-heading\">Bili\u015fim Hukuku<\/h2>\n<!-- \/wp:heading -->\n\n<!-- wp:paragraph -->\n<p>&nbsp;<\/p>\n<!-- \/wp:paragraph --><\/div>\n<\/div>\n<\/div>\n<!-- \/wp:stevehenty\/drop-shadow-box -->\n\n<!-- wp:stevehenty\/drop-shadow-box -->\n<div class=\"wp-block-stevehenty-drop-shadow-box dropshadowboxes-container\" onclick=\"location.href='https:\/\/aslihazalakalin.av.tr\/tr\/index.php\/tazminat-ve-sigorta\/';\" style=\"width: auto; cursor: pointer;\">\n<div class=\"dropshadowboxes-drop-shadow dropshadowboxes-lifted-both dropshadowboxes-rounded-corners dropshadowboxes-inside-and-outside-shadow\" style=\"background-color: #ffffff; ;padding: 10px; border: 2px solid #DDDDDD;\">\n<div><!-- wp:heading -->\n<h2 class=\"wp-block-heading\">Trafik Kazalar\u0131nda Tazminat ve Sigorta<\/h2>\n<!-- \/wp:heading -->\n\n<!-- wp:paragraph -->\n<p>&nbsp;<\/p>\n<!-- \/wp:paragraph --><\/div>\n<\/div>\n<\/div>\n<!-- \/wp:stevehenty\/drop-shadow-box -->\n\n<!-- wp:stevehenty\/drop-shadow-box -->\n<div class=\"wp-block-stevehenty-drop-shadow-box dropshadowboxes-container\" onclick=\"location.href='https:\/\/aslihazalakalin.av.tr\/tr\/index.php\/kira-hukuku\/';\" style=\"width: auto; cursor: pointer;\">\n<div class=\"dropshadowboxes-drop-shadow dropshadowboxes-lifted-both dropshadowboxes-rounded-corners dropshadowboxes-inside-and-outside-shadow\" style=\"background-color: #ffffff; ;padding: 10px; border: 2px solid #DDDDDD;\">\n<div><!-- wp:heading -->\n<h2 class=\"wp-block-heading\">Kira Hukuku<\/h2>\n<!-- \/wp:heading -->\n\n<!-- wp:paragraph -->\n<p>&nbsp;<\/p>\n<!-- \/wp:paragraph --><\/div>\n<\/div>\n<\/div>\n<!-- \/wp:stevehenty\/drop-shadow-box -->\n\t\t\t\t\t\t<\/div>\n\t\t\t\t<\/div>\n\t\t\t\t\t<\/div>\n\t\t<\/div>\n\t\t\t\t\t\t\t<\/div>\n\t\t<\/section>\n\t\t\t\t\t\t\t<\/div>\n\t\t","protected":false},"excerpt":{"rendered":"<p>&nbsp;<\/p>\n","protected":false},"author":1,"featured_media":296,"parent":0,"menu_order":0,"comment_status":"closed","ping_status":"closed","template":"","meta":{"footnotes":""},"class_list":["post-49","page","type-page","status-publish","has-post-thumbnail","hentry"],"featured_media_urls":{"thumbnail":["https:\/\/aslihazalakalin.av.tr\/tr\/wp-content\/uploads\/2023\/08\/ZonguldakveAdaletSarayi-Arkaplan2000x318-150x150.png",150,150,true],"medium":["https:\/\/aslihazalakalin.av.tr\/tr\/wp-content\/uploads\/2023\/08\/ZonguldakveAdaletSarayi-Arkaplan2000x318-300x48.png",300,48,true],"medium_large":["https:\/\/aslihazalakalin.av.tr\/tr\/wp-content\/uploads\/2023\/08\/ZonguldakveAdaletSarayi-Arkaplan2000x318-768x122.png",768,122,true],"large":["https:\/\/aslihazalakalin.av.tr\/tr\/wp-content\/uploads\/2023\/08\/ZonguldakveAdaletSarayi-Arkaplan2000x318-1024x163.png",950,151,true],"1536x1536":["https:\/\/aslihazalakalin.av.tr\/tr\/wp-content\/uploads\/2023\/08\/ZonguldakveAdaletSarayi-Arkaplan2000x318-1536x244.png",1536,244,true],"2048x2048":["https:\/\/aslihazalakalin.av.tr\/tr\/wp-content\/uploads\/2023\/08\/ZonguldakveAdaletSarayi-Arkaplan2000x318.png",2000,318,false],"inspiro-featured-image":["https:\/\/aslihazalakalin.av.tr\/tr\/wp-content\/uploads\/2023\/08\/ZonguldakveAdaletSarayi-Arkaplan2000x318.png",2000,318,false],"inspiro-loop":["https:\/\/aslihazalakalin.av.tr\/tr\/wp-content\/uploads\/2023\/08\/ZonguldakveAdaletSarayi-Arkaplan2000x318-950x318.png",950,318,true],"inspiro-loop@2x":["https:\/\/aslihazalakalin.av.tr\/tr\/wp-content\/uploads\/2023\/08\/ZonguldakveAdaletSarayi-Arkaplan2000x318-1900x318.png",1900,318,true],"portfolio_item-thumbnail":["https:\/\/aslihazalakalin.av.tr\/tr\/wp-content\/uploads\/2023\/08\/ZonguldakveAdaletSarayi-Arkaplan2000x318-600x318.png",600,318,true],"portfolio_item-thumbnail@2x":["https:\/\/aslihazalakalin.av.tr\/tr\/wp-content\/uploads\/2023\/08\/ZonguldakveAdaletSarayi-Arkaplan2000x318-1200x318.png",1200,318,true],"portfolio_item-masonry":["https:\/\/aslihazalakalin.av.tr\/tr\/wp-content\/uploads\/2023\/08\/ZonguldakveAdaletSarayi-Arkaplan2000x318-600x95.png",600,95,true],"portfolio_item-masonry@2x":["https:\/\/aslihazalakalin.av.tr\/tr\/wp-content\/uploads\/2023\/08\/ZonguldakveAdaletSarayi-Arkaplan2000x318-1200x191.png",1200,191,true],"portfolio_item-thumbnail_cinema":["https:\/\/aslihazalakalin.av.tr\/tr\/wp-content\/uploads\/2023\/08\/ZonguldakveAdaletSarayi-Arkaplan2000x318-800x318.png",800,318,true],"portfolio_item-thumbnail_portrait":["https:\/\/aslihazalakalin.av.tr\/tr\/wp-content\/uploads\/2023\/08\/ZonguldakveAdaletSarayi-Arkaplan2000x318-600x318.png",600,318,true],"portfolio_item-thumbnail_portrait@2x":["https:\/\/aslihazalakalin.av.tr\/tr\/wp-content\/uploads\/2023\/08\/ZonguldakveAdaletSarayi-Arkaplan2000x318-1200x318.png",1200,318,true],"portfolio_item-thumbnail_square":["https:\/\/aslihazalakalin.av.tr\/tr\/wp-content\/uploads\/2023\/08\/ZonguldakveAdaletSarayi-Arkaplan2000x318-800x318.png",800,318,true]},"_links":{"self":[{"href":"https:\/\/aslihazalakalin.av.tr\/tr\/index.php\/wp-json\/wp\/v2\/pages\/49","targetHints":{"allow":["GET"]}}],"collection":[{"href":"https:\/\/aslihazalakalin.av.tr\/tr\/index.php\/wp-json\/wp\/v2\/pages"}],"about":[{"href":"https:\/\/aslihazalakalin.av.tr\/tr\/index.php\/wp-json\/wp\/v2\/types\/page"}],"author":[{"embeddable":true,"href":"https:\/\/aslihazalakalin.av.tr\/tr\/index.php\/wp-json\/wp\/v2\/users\/1"}],"replies":[{"embeddable":true,"href":"https:\/\/aslihazalakalin.av.tr\/tr\/index.php\/wp-json\/wp\/v2\/comments?post=49"}],"version-history":[{"count":69,"href":"https:\/\/aslihazalakalin.av.tr\/tr\/index.php\/wp-json\/wp\/v2\/pages\/49\/revisions"}],"predecessor-version":[{"id":561,"href":"https:\/\/aslihazalakalin.av.tr\/tr\/index.php\/wp-json\/wp\/v2\/pages\/49\/revisions\/561"}],"wp:featuredmedia":[{"embeddable":true,"href":"https:\/\/aslihazalakalin.av.tr\/tr\/index.php\/wp-json\/wp\/v2\/media\/296"}],"wp:attachment":[{"href":"https:\/\/aslihazalakalin.av.tr\/tr\/index.php\/wp-json\/wp\/v2\/media?parent=49"}],"curies":[{"name":"wp","href":"https:\/\/api.w.org\/{rel}","templated":true}]}}