{"id":427,"date":"2023-09-10T22:36:56","date_gmt":"2023-09-10T19:36:56","guid":{"rendered":"https:\/\/aslihazalakalin.av.tr\/tr\/?page_id=427"},"modified":"2023-09-10T22:41:19","modified_gmt":"2023-09-10T19:41:19","slug":"bilisim-hukuku","status":"publish","type":"page","link":"https:\/\/aslihazalakalin.av.tr\/tr\/index.php\/bilisim-hukuku\/","title":{"rendered":"Bili\u015fim Hukuku"},"content":{"rendered":"\t\t<div data-elementor-type=\"wp-page\" data-elementor-id=\"427\" class=\"elementor elementor-427\">\n\t\t\t\t\t\t\t\t\t<section class=\"elementor-section elementor-top-section elementor-element elementor-element-34cf357c elementor-section-boxed elementor-section-height-default elementor-section-height-default\" data-id=\"34cf357c\" data-element_type=\"section\">\n\t\t\t\t\t\t<div class=\"elementor-container elementor-column-gap-default\">\n\t\t\t\t\t<div class=\"elementor-column elementor-col-100 elementor-top-column elementor-element elementor-element-f73f35c\" data-id=\"f73f35c\" data-element_type=\"column\">\n\t\t\t<div class=\"elementor-widget-wrap elementor-element-populated\">\n\t\t\t\t\t\t\t\t<div class=\"elementor-element elementor-element-bf44305 elementor-widget elementor-widget-text-editor\" data-id=\"bf44305\" data-element_type=\"widget\" data-widget_type=\"text-editor.default\">\n\t\t\t\t<div class=\"elementor-widget-container\">\n\t\t\t<style>\/*! elementor - v3.15.0 - 20-08-2023 *\/\n.elementor-widget-text-editor.elementor-drop-cap-view-stacked .elementor-drop-cap{background-color:#69727d;color:#fff}.elementor-widget-text-editor.elementor-drop-cap-view-framed .elementor-drop-cap{color:#69727d;border:3px solid;background-color:transparent}.elementor-widget-text-editor:not(.elementor-drop-cap-view-default) .elementor-drop-cap{margin-top:8px}.elementor-widget-text-editor:not(.elementor-drop-cap-view-default) .elementor-drop-cap-letter{width:1em;height:1em}.elementor-widget-text-editor .elementor-drop-cap{float:left;text-align:center;line-height:1;font-size:50px}.elementor-widget-text-editor .elementor-drop-cap-letter{display:inline-block}<\/style>\t\t\t\t<p><!-- wp:paragraph --><\/p>\n<p>Teknolojinin her ge\u00e7en g\u00fcn geli\u015fmesi, her t\u00fcrl\u00fc bilgi ve belgeye dijital ortamdan ula\u015f\u0131lmas\u0131, insanlar\u0131n al\u0131\u015fveri\u015f dahil her t\u00fcrl\u00fc ekonomik, sosyal i\u015flemlerini bu ortamlarda ger\u00e7ekle\u015ftirilmesi bili\u015fim sistemlerinin kullan\u0131m\u0131 ve bili\u015fim su\u00e7lar\u0131n\u0131 artt\u0131rarak \u015fekillendirmektedir. Bili\u015fim Su\u00e7lar\u0131 5237 say\u0131l\u0131 yeni T\u00fcrk Ticaret Kanununda ikinci kitab\u0131n Topluma Kar\u015f\u0131 Su\u00e7lar ba\u015fl\u0131kl\u0131 \u00fc\u00e7\u00fcnc\u00fc k\u0131sm\u0131n onuncu b\u00f6l\u00fcm\u00fcnde bili\u015fim alan\u0131ndaki su\u00e7lar ba\u015fl\u0131\u011f\u0131 alt\u0131nda 243. &#8211; 246. maddeleri aras\u0131nda d\u00fczenlenmi\u015ftir. Ayr\u0131ca 6698 say\u0131l\u0131 KVKK 30. maddesi ve TCK 243\/4 ve 245\/A maddelerinde de bili\u015fim su\u00e7lar\u0131yla ilgili konular d\u00fczenlenmi\u015ftir.<\/p><p><br><\/p><p>Bili\u015fim su\u00e7lar\u0131 do\u011frudan bili\u015fim su\u00e7lar\u0131 ve dolayl\u0131 bile\u015fim su\u00e7lar\u0131 olmak \u00fczere ikiye ayr\u0131l\u0131r. Do\u011frudan bili\u015fim su\u00e7lar\u0131 bili\u015fim sistemine girme su\u00e7u, sistemi engelleme, bozma, verileri yok etme veya de\u011fi\u015ftirme su\u00e7u, banka ve kredi kartlar\u0131n\u0131n k\u00f6t\u00fcye kullan\u0131lmas\u0131 su\u00e7u, yasak cihaz ve programlar olu\u015ftururken; dolayl\u0131 bili\u015fim su\u00e7lar\u0131 ise bili\u015fim sistemlerinin kullan\u0131lmas\u0131 nedeniyle h\u0131rs\u0131zl\u0131k, bili\u015fim su\u00e7lar\u0131n\u0131n ara\u00e7 olarak kullan\u0131lmas\u0131 nedeniyle doland\u0131r\u0131c\u0131l\u0131k, haberle\u015fmenin gizlili\u011fini ihlal, ki\u015filer aras\u0131 konu\u015fmalar\u0131n dinlenmesi, \u00f6zel hayat\u0131n gizlili\u011fini ihlal, ki\u015fisel verilerin izinsiz olarak kaydedilmesi, hukuka ayk\u0131r\u0131 olarak verileri ele ge\u00e7irme ve verme su\u00e7lar\u0131 olu\u015fturmaktad\u0131r.<\/p>\n<p><!-- \/wp:paragraph --><\/p>\n<p><!-- wp:paragraph --><\/p>\n<p>Av. Asl\u0131 Hazal AKALIN Avukatl\u0131k ve Dan\u0131\u015fmanl\u0131k Ofisi, Bili\u015fim Hukuku alan\u0131nda da m\u00fcvekkillere avukatl\u0131k ve dan\u0131\u015fmanl\u0131k hizmeti vermektedir. M\u00fcvekkillerin hak kay\u0131plar\u0131 ya\u015famas\u0131n\u0131n \u00f6n\u00fcne ge\u00e7mek, hukuki s\u00fcrecin en iyi \u015fekilde takibini ba\u015ftan sona sa\u011fl\u0131kl\u0131 bir \u015fekilde y\u00fcr\u00fctebilmek ad\u0131na m\u00fcvekkillerle d\u00fczenli ileti\u015fim halinde kal\u0131narak \u00e7al\u0131\u015fmalar\u0131m\u0131z titizlik ve s\u0131k\u0131 bir disiplin i\u00e7erisinde y\u00fcr\u00fct\u00fclmektedir.<\/p>\n<p><!-- \/wp:paragraph --><\/p>\t\t\t\t\t\t<\/div>\n\t\t\t\t<\/div>\n\t\t\t\t\t<\/div>\n\t\t<\/div>\n\t\t\t\t\t\t\t<\/div>\n\t\t<\/section>\n\t\t\t\t\t\t\t<\/div>\n\t\t","protected":false},"excerpt":{"rendered":"<p>Teknolojinin her ge\u00e7en g\u00fcn geli\u015fmesi, her t\u00fcrl\u00fc bilgi ve belgeye dijital ortamdan ula\u015f\u0131lmas\u0131, insanlar\u0131n al\u0131\u015fveri\u015f dahil her t\u00fcrl\u00fc ekonomik, sosyal i\u015flemlerini bu ortamlarda ger\u00e7ekle\u015ftirilmesi bili\u015fim sistemlerinin kullan\u0131m\u0131 ve bili\u015fim su\u00e7lar\u0131n\u0131 artt\u0131rarak \u015fekillendirmektedir. Bili\u015fim Su\u00e7lar\u0131 5237 say\u0131l\u0131 yeni T\u00fcrk Ticaret Kanununda ikinci kitab\u0131n Topluma Kar\u015f\u0131 Su\u00e7lar ba\u015fl\u0131kl\u0131 \u00fc\u00e7\u00fcnc\u00fc k\u0131sm\u0131n onuncu b\u00f6l\u00fcm\u00fcnde bili\u015fim alan\u0131ndaki su\u00e7lar ba\u015fl\u0131\u011f\u0131 alt\u0131nda &hellip; <\/p>\n<p class=\"link-more\"><a href=\"https:\/\/aslihazalakalin.av.tr\/tr\/index.php\/bilisim-hukuku\/\" class=\"more-link\"><span class=\"screen-reader-text\"> &#8220;Bili\u015fim Hukuku&#8221;<\/span>devam\u0131n\u0131 oku<\/a><\/p>\n","protected":false},"author":1,"featured_media":296,"parent":0,"menu_order":0,"comment_status":"closed","ping_status":"closed","template":"","meta":{"footnotes":""},"class_list":["post-427","page","type-page","status-publish","has-post-thumbnail","hentry"],"featured_media_urls":{"thumbnail":["https:\/\/aslihazalakalin.av.tr\/tr\/wp-content\/uploads\/2023\/08\/ZonguldakveAdaletSarayi-Arkaplan2000x318-150x150.png",150,150,true],"medium":["https:\/\/aslihazalakalin.av.tr\/tr\/wp-content\/uploads\/2023\/08\/ZonguldakveAdaletSarayi-Arkaplan2000x318-300x48.png",300,48,true],"medium_large":["https:\/\/aslihazalakalin.av.tr\/tr\/wp-content\/uploads\/2023\/08\/ZonguldakveAdaletSarayi-Arkaplan2000x318-768x122.png",768,122,true],"large":["https:\/\/aslihazalakalin.av.tr\/tr\/wp-content\/uploads\/2023\/08\/ZonguldakveAdaletSarayi-Arkaplan2000x318-1024x163.png",950,151,true],"1536x1536":["https:\/\/aslihazalakalin.av.tr\/tr\/wp-content\/uploads\/2023\/08\/ZonguldakveAdaletSarayi-Arkaplan2000x318-1536x244.png",1536,244,true],"2048x2048":["https:\/\/aslihazalakalin.av.tr\/tr\/wp-content\/uploads\/2023\/08\/ZonguldakveAdaletSarayi-Arkaplan2000x318.png",2000,318,false],"inspiro-featured-image":["https:\/\/aslihazalakalin.av.tr\/tr\/wp-content\/uploads\/2023\/08\/ZonguldakveAdaletSarayi-Arkaplan2000x318.png",2000,318,false],"inspiro-loop":["https:\/\/aslihazalakalin.av.tr\/tr\/wp-content\/uploads\/2023\/08\/ZonguldakveAdaletSarayi-Arkaplan2000x318-950x318.png",950,318,true],"inspiro-loop@2x":["https:\/\/aslihazalakalin.av.tr\/tr\/wp-content\/uploads\/2023\/08\/ZonguldakveAdaletSarayi-Arkaplan2000x318-1900x318.png",1900,318,true],"portfolio_item-thumbnail":["https:\/\/aslihazalakalin.av.tr\/tr\/wp-content\/uploads\/2023\/08\/ZonguldakveAdaletSarayi-Arkaplan2000x318-600x318.png",600,318,true],"portfolio_item-thumbnail@2x":["https:\/\/aslihazalakalin.av.tr\/tr\/wp-content\/uploads\/2023\/08\/ZonguldakveAdaletSarayi-Arkaplan2000x318-1200x318.png",1200,318,true],"portfolio_item-masonry":["https:\/\/aslihazalakalin.av.tr\/tr\/wp-content\/uploads\/2023\/08\/ZonguldakveAdaletSarayi-Arkaplan2000x318-600x95.png",600,95,true],"portfolio_item-masonry@2x":["https:\/\/aslihazalakalin.av.tr\/tr\/wp-content\/uploads\/2023\/08\/ZonguldakveAdaletSarayi-Arkaplan2000x318-1200x191.png",1200,191,true],"portfolio_item-thumbnail_cinema":["https:\/\/aslihazalakalin.av.tr\/tr\/wp-content\/uploads\/2023\/08\/ZonguldakveAdaletSarayi-Arkaplan2000x318-800x318.png",800,318,true],"portfolio_item-thumbnail_portrait":["https:\/\/aslihazalakalin.av.tr\/tr\/wp-content\/uploads\/2023\/08\/ZonguldakveAdaletSarayi-Arkaplan2000x318-600x318.png",600,318,true],"portfolio_item-thumbnail_portrait@2x":["https:\/\/aslihazalakalin.av.tr\/tr\/wp-content\/uploads\/2023\/08\/ZonguldakveAdaletSarayi-Arkaplan2000x318-1200x318.png",1200,318,true],"portfolio_item-thumbnail_square":["https:\/\/aslihazalakalin.av.tr\/tr\/wp-content\/uploads\/2023\/08\/ZonguldakveAdaletSarayi-Arkaplan2000x318-800x318.png",800,318,true]},"_links":{"self":[{"href":"https:\/\/aslihazalakalin.av.tr\/tr\/index.php\/wp-json\/wp\/v2\/pages\/427","targetHints":{"allow":["GET"]}}],"collection":[{"href":"https:\/\/aslihazalakalin.av.tr\/tr\/index.php\/wp-json\/wp\/v2\/pages"}],"about":[{"href":"https:\/\/aslihazalakalin.av.tr\/tr\/index.php\/wp-json\/wp\/v2\/types\/page"}],"author":[{"embeddable":true,"href":"https:\/\/aslihazalakalin.av.tr\/tr\/index.php\/wp-json\/wp\/v2\/users\/1"}],"replies":[{"embeddable":true,"href":"https:\/\/aslihazalakalin.av.tr\/tr\/index.php\/wp-json\/wp\/v2\/comments?post=427"}],"version-history":[{"count":5,"href":"https:\/\/aslihazalakalin.av.tr\/tr\/index.php\/wp-json\/wp\/v2\/pages\/427\/revisions"}],"predecessor-version":[{"id":432,"href":"https:\/\/aslihazalakalin.av.tr\/tr\/index.php\/wp-json\/wp\/v2\/pages\/427\/revisions\/432"}],"wp:featuredmedia":[{"embeddable":true,"href":"https:\/\/aslihazalakalin.av.tr\/tr\/index.php\/wp-json\/wp\/v2\/media\/296"}],"wp:attachment":[{"href":"https:\/\/aslihazalakalin.av.tr\/tr\/index.php\/wp-json\/wp\/v2\/media?parent=427"}],"curies":[{"name":"wp","href":"https:\/\/api.w.org\/{rel}","templated":true}]}}