{"id":401,"date":"2023-09-10T22:06:40","date_gmt":"2023-09-10T19:06:40","guid":{"rendered":"https:\/\/aslihazalakalin.av.tr\/tr\/?page_id=401"},"modified":"2023-09-10T22:10:27","modified_gmt":"2023-09-10T19:10:27","slug":"kvkk-hukuku","status":"publish","type":"page","link":"https:\/\/aslihazalakalin.av.tr\/tr\/index.php\/kvkk-hukuku\/","title":{"rendered":"KVKK Hukuku"},"content":{"rendered":"\t\t<div data-elementor-type=\"wp-page\" data-elementor-id=\"401\" class=\"elementor elementor-401\">\n\t\t\t\t\t\t\t\t\t<section class=\"elementor-section elementor-top-section elementor-element elementor-element-137a36ec elementor-section-boxed elementor-section-height-default elementor-section-height-default\" data-id=\"137a36ec\" data-element_type=\"section\">\n\t\t\t\t\t\t<div class=\"elementor-container elementor-column-gap-default\">\n\t\t\t\t\t<div class=\"elementor-column elementor-col-100 elementor-top-column elementor-element elementor-element-4a475cde\" data-id=\"4a475cde\" data-element_type=\"column\">\n\t\t\t<div class=\"elementor-widget-wrap elementor-element-populated\">\n\t\t\t\t\t\t\t\t<div class=\"elementor-element elementor-element-75c53aa1 elementor-widget elementor-widget-text-editor\" data-id=\"75c53aa1\" data-element_type=\"widget\" data-widget_type=\"text-editor.default\">\n\t\t\t\t<div class=\"elementor-widget-container\">\n\t\t\t<style>\/*! elementor - v3.15.0 - 20-08-2023 *\/\n.elementor-widget-text-editor.elementor-drop-cap-view-stacked .elementor-drop-cap{background-color:#69727d;color:#fff}.elementor-widget-text-editor.elementor-drop-cap-view-framed .elementor-drop-cap{color:#69727d;border:3px solid;background-color:transparent}.elementor-widget-text-editor:not(.elementor-drop-cap-view-default) .elementor-drop-cap{margin-top:8px}.elementor-widget-text-editor:not(.elementor-drop-cap-view-default) .elementor-drop-cap-letter{width:1em;height:1em}.elementor-widget-text-editor .elementor-drop-cap{float:left;text-align:center;line-height:1;font-size:50px}.elementor-widget-text-editor .elementor-drop-cap-letter{display:inline-block}<\/style>\t\t\t\t<p><!-- wp:paragraph --><\/p>\n<p>Ki\u015fisel Verilerin Korunmas\u0131 Hukuku ki\u015fisel verilerin i\u015flenmesinde, ki\u015filerin temel hak ve \u00f6zg\u00fcrl\u00fcklerini korumak, ki\u015fisel verileri i\u015fleyen ger\u00e7ek ve t\u00fczel ki\u015filerin y\u00fck\u00fcml\u00fcl\u00fckleri ile uyacaklar\u0131 usul ve esaslar\u0131 d\u00fczenlemek (disiplin alt\u0131na almak), ki\u015filerin mahremiyetini korumak (\u00f6zel hayat\u0131n gizlili\u011fi) ve ki\u015fisel veri g\u00fcvenli\u011fini sa\u011flamak ad\u0131na 6698 Say\u0131s\u0131 Ki\u015fisel Verilerin Korunmas\u0131 Kanunu, 24 Mart 2016 tarihinde TBMM taraf\u0131ndan yasala\u015fm\u0131\u015f ve kanun 7 Nisan 2016 tarihinde resm\u00ee gazetede de yay\u0131nlanarak y\u00fcr\u00fcrl\u00fc\u011fe girmi\u015ftir. Kanun, ki\u015fisel verileri i\u015flenen ger\u00e7ek ki\u015filer ile bu verileri tamamen veya k\u0131smen otomatik olan ya da herhangi bir veri kay\u0131t sisteminin par\u00e7as\u0131 olmak kayd\u0131yla otomatik olmayan yollarla i\u015fleyen ger\u00e7ek ve t\u00fczel ki\u015filer hakk\u0131nda uygulanacakt\u0131r. Kanunda kamu kurumlar\u0131 ile \u00f6zel kurulu\u015flar a\u00e7\u0131s\u0131ndan ayr\u0131m yap\u0131lmam\u0131\u015ft\u0131r. Kanunun belirledi\u011fi usul ve esaslar kural olarak t\u00fcm kurum ve kurulu\u015flar i\u00e7in ge\u00e7erlidir. Dolay\u0131s\u0131yla kamu kurumlar\u0131n\u0131n i\u015fledi\u011fi ki\u015fisel veriler hakk\u0131nda da bu kanun h\u00fck\u00fcmleri uygulanacakt\u0131r. Kanun sadece ger\u00e7ek ki\u015filerle ilgili verilere uygulan\u0131r. T\u00fczel ki\u015filerle ilgili veriler bu kanun kapsam\u0131nda de\u011fildir. \u00c7\u00fcnk\u00fc kanunun 1. maddesinde \u201cki\u015fisel verileri i\u015flenen ger\u00e7ek ki\u015filer\u201d ifadesi kullan\u0131lm\u0131\u015ft\u0131r.<\/p>\n<p><!-- \/wp:paragraph --><\/p>\n<p><!-- wp:paragraph --><\/p>\n<p>Av. Asl\u0131 Hazal AKALIN Avukatl\u0131k ve Dan\u0131\u015fmanl\u0131k Ofisi, Ki\u015fisel Verilerin Korunmas\u0131 Hukuku alan\u0131nda m\u00fcvekkillere avukatl\u0131k ve dan\u0131\u015fmanl\u0131k hizmeti vermektedir. M\u00fcvekkillerin hak kay\u0131plar\u0131 ya\u015famas\u0131n\u0131n \u00f6n\u00fcne ge\u00e7mek, hukuki s\u00fcrecin en iyi \u015fekilde takibini ba\u015ftan sona sa\u011fl\u0131kl\u0131 bir \u015fekilde y\u00fcr\u00fctebilmek ad\u0131na m\u00fcvekkillerle d\u00fczenli ileti\u015fim halinde kal\u0131narak \u00e7al\u0131\u015fmalar\u0131m\u0131z titizlik ve s\u0131k\u0131 bir disiplin i\u00e7erisinde y\u00fcr\u00fct\u00fclmektedir.<\/p>\n<p><!-- \/wp:paragraph --><\/p>\t\t\t\t\t\t<\/div>\n\t\t\t\t<\/div>\n\t\t\t\t\t<\/div>\n\t\t<\/div>\n\t\t\t\t\t\t\t<\/div>\n\t\t<\/section>\n\t\t\t\t\t\t\t<\/div>\n\t\t","protected":false},"excerpt":{"rendered":"<p>Ki\u015fisel Verilerin Korunmas\u0131 Hukuku ki\u015fisel verilerin i\u015flenmesinde, ki\u015filerin temel hak ve \u00f6zg\u00fcrl\u00fcklerini korumak, ki\u015fisel verileri i\u015fleyen ger\u00e7ek ve t\u00fczel ki\u015filerin y\u00fck\u00fcml\u00fcl\u00fckleri ile uyacaklar\u0131 usul ve esaslar\u0131 d\u00fczenlemek (disiplin alt\u0131na almak), ki\u015filerin mahremiyetini korumak (\u00f6zel hayat\u0131n gizlili\u011fi) ve ki\u015fisel veri g\u00fcvenli\u011fini sa\u011flamak ad\u0131na 6698 Say\u0131s\u0131 Ki\u015fisel Verilerin Korunmas\u0131 Kanunu, 24 Mart 2016 tarihinde TBMM taraf\u0131ndan yasala\u015fm\u0131\u015f &hellip; <\/p>\n<p class=\"link-more\"><a href=\"https:\/\/aslihazalakalin.av.tr\/tr\/index.php\/kvkk-hukuku\/\" class=\"more-link\"><span class=\"screen-reader-text\"> &#8220;KVKK Hukuku&#8221;<\/span>devam\u0131n\u0131 oku<\/a><\/p>\n","protected":false},"author":1,"featured_media":296,"parent":0,"menu_order":0,"comment_status":"closed","ping_status":"closed","template":"","meta":{"footnotes":""},"class_list":["post-401","page","type-page","status-publish","has-post-thumbnail","hentry"],"featured_media_urls":{"thumbnail":["https:\/\/aslihazalakalin.av.tr\/tr\/wp-content\/uploads\/2023\/08\/ZonguldakveAdaletSarayi-Arkaplan2000x318-150x150.png",150,150,true],"medium":["https:\/\/aslihazalakalin.av.tr\/tr\/wp-content\/uploads\/2023\/08\/ZonguldakveAdaletSarayi-Arkaplan2000x318-300x48.png",300,48,true],"medium_large":["https:\/\/aslihazalakalin.av.tr\/tr\/wp-content\/uploads\/2023\/08\/ZonguldakveAdaletSarayi-Arkaplan2000x318-768x122.png",768,122,true],"large":["https:\/\/aslihazalakalin.av.tr\/tr\/wp-content\/uploads\/2023\/08\/ZonguldakveAdaletSarayi-Arkaplan2000x318-1024x163.png",950,151,true],"1536x1536":["https:\/\/aslihazalakalin.av.tr\/tr\/wp-content\/uploads\/2023\/08\/ZonguldakveAdaletSarayi-Arkaplan2000x318-1536x244.png",1536,244,true],"2048x2048":["https:\/\/aslihazalakalin.av.tr\/tr\/wp-content\/uploads\/2023\/08\/ZonguldakveAdaletSarayi-Arkaplan2000x318.png",2000,318,false],"inspiro-featured-image":["https:\/\/aslihazalakalin.av.tr\/tr\/wp-content\/uploads\/2023\/08\/ZonguldakveAdaletSarayi-Arkaplan2000x318.png",2000,318,false],"inspiro-loop":["https:\/\/aslihazalakalin.av.tr\/tr\/wp-content\/uploads\/2023\/08\/ZonguldakveAdaletSarayi-Arkaplan2000x318-950x318.png",950,318,true],"inspiro-loop@2x":["https:\/\/aslihazalakalin.av.tr\/tr\/wp-content\/uploads\/2023\/08\/ZonguldakveAdaletSarayi-Arkaplan2000x318-1900x318.png",1900,318,true],"portfolio_item-thumbnail":["https:\/\/aslihazalakalin.av.tr\/tr\/wp-content\/uploads\/2023\/08\/ZonguldakveAdaletSarayi-Arkaplan2000x318-600x318.png",600,318,true],"portfolio_item-thumbnail@2x":["https:\/\/aslihazalakalin.av.tr\/tr\/wp-content\/uploads\/2023\/08\/ZonguldakveAdaletSarayi-Arkaplan2000x318-1200x318.png",1200,318,true],"portfolio_item-masonry":["https:\/\/aslihazalakalin.av.tr\/tr\/wp-content\/uploads\/2023\/08\/ZonguldakveAdaletSarayi-Arkaplan2000x318-600x95.png",600,95,true],"portfolio_item-masonry@2x":["https:\/\/aslihazalakalin.av.tr\/tr\/wp-content\/uploads\/2023\/08\/ZonguldakveAdaletSarayi-Arkaplan2000x318-1200x191.png",1200,191,true],"portfolio_item-thumbnail_cinema":["https:\/\/aslihazalakalin.av.tr\/tr\/wp-content\/uploads\/2023\/08\/ZonguldakveAdaletSarayi-Arkaplan2000x318-800x318.png",800,318,true],"portfolio_item-thumbnail_portrait":["https:\/\/aslihazalakalin.av.tr\/tr\/wp-content\/uploads\/2023\/08\/ZonguldakveAdaletSarayi-Arkaplan2000x318-600x318.png",600,318,true],"portfolio_item-thumbnail_portrait@2x":["https:\/\/aslihazalakalin.av.tr\/tr\/wp-content\/uploads\/2023\/08\/ZonguldakveAdaletSarayi-Arkaplan2000x318-1200x318.png",1200,318,true],"portfolio_item-thumbnail_square":["https:\/\/aslihazalakalin.av.tr\/tr\/wp-content\/uploads\/2023\/08\/ZonguldakveAdaletSarayi-Arkaplan2000x318-800x318.png",800,318,true]},"_links":{"self":[{"href":"https:\/\/aslihazalakalin.av.tr\/tr\/index.php\/wp-json\/wp\/v2\/pages\/401","targetHints":{"allow":["GET"]}}],"collection":[{"href":"https:\/\/aslihazalakalin.av.tr\/tr\/index.php\/wp-json\/wp\/v2\/pages"}],"about":[{"href":"https:\/\/aslihazalakalin.av.tr\/tr\/index.php\/wp-json\/wp\/v2\/types\/page"}],"author":[{"embeddable":true,"href":"https:\/\/aslihazalakalin.av.tr\/tr\/index.php\/wp-json\/wp\/v2\/users\/1"}],"replies":[{"embeddable":true,"href":"https:\/\/aslihazalakalin.av.tr\/tr\/index.php\/wp-json\/wp\/v2\/comments?post=401"}],"version-history":[{"count":6,"href":"https:\/\/aslihazalakalin.av.tr\/tr\/index.php\/wp-json\/wp\/v2\/pages\/401\/revisions"}],"predecessor-version":[{"id":407,"href":"https:\/\/aslihazalakalin.av.tr\/tr\/index.php\/wp-json\/wp\/v2\/pages\/401\/revisions\/407"}],"wp:featuredmedia":[{"embeddable":true,"href":"https:\/\/aslihazalakalin.av.tr\/tr\/index.php\/wp-json\/wp\/v2\/media\/296"}],"wp:attachment":[{"href":"https:\/\/aslihazalakalin.av.tr\/tr\/index.php\/wp-json\/wp\/v2\/media?parent=401"}],"curies":[{"name":"wp","href":"https:\/\/api.w.org\/{rel}","templated":true}]}}