{"id":396,"date":"2023-09-10T22:03:00","date_gmt":"2023-09-10T19:03:00","guid":{"rendered":"https:\/\/aslihazalakalin.av.tr\/tr\/?page_id=396"},"modified":"2023-09-10T22:10:45","modified_gmt":"2023-09-10T19:10:45","slug":"ticari-isletme-sirketler-ve-kiymetli-evrak-hukuku","status":"publish","type":"page","link":"https:\/\/aslihazalakalin.av.tr\/tr\/index.php\/ticari-isletme-sirketler-ve-kiymetli-evrak-hukuku\/","title":{"rendered":"Ticari \u0130\u015fletme, \u015eirketler ve K\u0131ymetli Evrak Hukuku"},"content":{"rendered":"\t\t<div data-elementor-type=\"wp-page\" data-elementor-id=\"396\" class=\"elementor elementor-396\">\n\t\t\t\t\t\t\t\t\t<section class=\"elementor-section elementor-top-section elementor-element elementor-element-24228296 elementor-section-boxed elementor-section-height-default elementor-section-height-default\" data-id=\"24228296\" data-element_type=\"section\">\n\t\t\t\t\t\t<div class=\"elementor-container elementor-column-gap-default\">\n\t\t\t\t\t<div class=\"elementor-column elementor-col-100 elementor-top-column elementor-element elementor-element-320061bb\" data-id=\"320061bb\" data-element_type=\"column\">\n\t\t\t<div class=\"elementor-widget-wrap elementor-element-populated\">\n\t\t\t\t\t\t\t\t<div class=\"elementor-element elementor-element-2263f298 elementor-widget__width-initial elementor-widget elementor-widget-text-editor\" data-id=\"2263f298\" data-element_type=\"widget\" data-widget_type=\"text-editor.default\">\n\t\t\t\t<div class=\"elementor-widget-container\">\n\t\t\t<style>\/*! elementor - v3.15.0 - 20-08-2023 *\/\n.elementor-widget-text-editor.elementor-drop-cap-view-stacked .elementor-drop-cap{background-color:#69727d;color:#fff}.elementor-widget-text-editor.elementor-drop-cap-view-framed .elementor-drop-cap{color:#69727d;border:3px solid;background-color:transparent}.elementor-widget-text-editor:not(.elementor-drop-cap-view-default) .elementor-drop-cap{margin-top:8px}.elementor-widget-text-editor:not(.elementor-drop-cap-view-default) .elementor-drop-cap-letter{width:1em;height:1em}.elementor-widget-text-editor .elementor-drop-cap{float:left;text-align:center;line-height:1;font-size:50px}.elementor-widget-text-editor .elementor-drop-cap-letter{display:inline-block}<\/style>\t\t\t\t<p><!-- wp:paragraph --><\/p>\n<p>Ticari i\u015fletme, T\u00fcrk Ticaret Kanunu madde 11\/1 maddesinde belirtildi\u011fi \u00fczere esnaf i\u015fletmesi i\u00e7in \u00f6ng\u00f6r\u00fclen s\u0131n\u0131r\u0131 a\u015fan d\u00fczeyde gelir sa\u011flamay\u0131 hedef tutan faaliyetlerin devaml\u0131 ve ba\u011f\u0131ms\u0131z olarak y\u00fcr\u00fct\u00fcld\u00fc\u011f\u00fc i\u015fletmedir. Ticari \u0130\u015fletme Hukuku ise Ticaret Hukuku ba\u015fl\u0131\u011f\u0131 alt\u0131nda incelenen ki\u015filerin ticari nitelikte olan ili\u015fkilerinin d\u00fczenlendi\u011fi hukuk kurallar\u0131n\u0131n t\u00fcm\u00fcd\u00fcr.<br><br>\u015eirketler Hukuku ise 6102 say\u0131l\u0131 T\u00fcrk Ticaret Kanununun 124. &#8211; 644. maddeleri aras\u0131nda d\u00fczenlenen \u015firketlerinin kurulmas\u0131, birle\u015fmesi, b\u00f6l\u00fcnmesi, devredilmesi, tip de\u011fi\u015ftirmesi gibi konulara dair normlar\u0131 ihtiva eden ve ticaret \u015firketlerine ili\u015fkin hukuki ili\u015fkileri inceleyen bir hukuk dal\u0131d\u0131r.<\/p>\n<p><br><\/p>\n<p>K\u0131ymetli Evrak Hukuku, Ticaret Hukuku alt\u0131nda yer alan hukuk dallar\u0131ndan biridir. K\u0131ymetli evraklar \u00f6yle senetlerdir ki, bunlar\u0131n i\u00e7erdikleri hak, senetten ayr\u0131 olarak ileri s\u00fcr\u00fclemez. \u00c7ek, poli\u00e7e ve bono k\u0131ymetli evraklard\u0131r. K\u0131ymetli evrak hukuku, poli\u00e7e, bono, \u00e7ek gibi k\u0131ymetli evrak\u0131n d\u00fczenlenmesini, bu k\u0131ymetli evraklar\u0131n ge\u00e7erlilik \u015fartlar\u0131n\u0131, h\u00fck\u00fcm ve sonu\u00e7lar\u0131n\u0131, bunlar\u0131n devrini ve \u00f6denmelerini d\u00fczenleyen ticaret hukuku alan\u0131d\u0131r.<\/p>\n<p><br><\/p>\n<p>Av. Asl\u0131 Hazal AKALIN Avukatl\u0131k ve Dan\u0131\u015fmanl\u0131k Ofisi, Ticari \u0130\u015fletme, \u015eirketler Hukuku ve K\u0131ymetli Evrak Hukuku alanlar\u0131nda da m\u00fcvekkillere avukatl\u0131k ve dan\u0131\u015fmanl\u0131k hizmeti vermektedir. M\u00fcvekkillerin hak kay\u0131plar\u0131 ya\u015famas\u0131n\u0131n \u00f6n\u00fcne ge\u00e7mek, hukuki s\u00fcrecin en iyi \u015fekilde takibini ba\u015ftan sona sa\u011fl\u0131kl\u0131 bir \u015fekilde y\u00fcr\u00fctebilmek ad\u0131na m\u00fcvekkillerle d\u00fczenli ileti\u015fim halinde kal\u0131narak \u00e7al\u0131\u015fmalar\u0131m\u0131z titizlik ve s\u0131k\u0131 bir disiplin i\u00e7erisinde y\u00fcr\u00fct\u00fclmektedir.<\/p>\n<p><!-- \/wp:paragraph --><\/p>\t\t\t\t\t\t<\/div>\n\t\t\t\t<\/div>\n\t\t\t\t\t<\/div>\n\t\t<\/div>\n\t\t\t\t\t\t\t<\/div>\n\t\t<\/section>\n\t\t\t\t\t\t\t<\/div>\n\t\t","protected":false},"excerpt":{"rendered":"<p>Ticari i\u015fletme, T\u00fcrk Ticaret Kanunu madde 11\/1 maddesinde belirtildi\u011fi \u00fczere esnaf i\u015fletmesi i\u00e7in \u00f6ng\u00f6r\u00fclen s\u0131n\u0131r\u0131 a\u015fan d\u00fczeyde gelir sa\u011flamay\u0131 hedef tutan faaliyetlerin devaml\u0131 ve ba\u011f\u0131ms\u0131z olarak y\u00fcr\u00fct\u00fcld\u00fc\u011f\u00fc i\u015fletmedir. Ticari \u0130\u015fletme Hukuku ise Ticaret Hukuku ba\u015fl\u0131\u011f\u0131 alt\u0131nda incelenen ki\u015filerin ticari nitelikte olan ili\u015fkilerinin d\u00fczenlendi\u011fi hukuk kurallar\u0131n\u0131n t\u00fcm\u00fcd\u00fcr. \u015eirketler Hukuku ise 6102 say\u0131l\u0131 T\u00fcrk Ticaret Kanununun 124. &hellip; <\/p>\n<p class=\"link-more\"><a href=\"https:\/\/aslihazalakalin.av.tr\/tr\/index.php\/ticari-isletme-sirketler-ve-kiymetli-evrak-hukuku\/\" class=\"more-link\"><span class=\"screen-reader-text\"> &#8220;Ticari \u0130\u015fletme, \u015eirketler ve K\u0131ymetli Evrak Hukuku&#8221;<\/span>devam\u0131n\u0131 oku<\/a><\/p>\n","protected":false},"author":1,"featured_media":296,"parent":0,"menu_order":0,"comment_status":"closed","ping_status":"closed","template":"","meta":{"footnotes":""},"class_list":["post-396","page","type-page","status-publish","has-post-thumbnail","hentry"],"featured_media_urls":{"thumbnail":["https:\/\/aslihazalakalin.av.tr\/tr\/wp-content\/uploads\/2023\/08\/ZonguldakveAdaletSarayi-Arkaplan2000x318-150x150.png",150,150,true],"medium":["https:\/\/aslihazalakalin.av.tr\/tr\/wp-content\/uploads\/2023\/08\/ZonguldakveAdaletSarayi-Arkaplan2000x318-300x48.png",300,48,true],"medium_large":["https:\/\/aslihazalakalin.av.tr\/tr\/wp-content\/uploads\/2023\/08\/ZonguldakveAdaletSarayi-Arkaplan2000x318-768x122.png",768,122,true],"large":["https:\/\/aslihazalakalin.av.tr\/tr\/wp-content\/uploads\/2023\/08\/ZonguldakveAdaletSarayi-Arkaplan2000x318-1024x163.png",950,151,true],"1536x1536":["https:\/\/aslihazalakalin.av.tr\/tr\/wp-content\/uploads\/2023\/08\/ZonguldakveAdaletSarayi-Arkaplan2000x318-1536x244.png",1536,244,true],"2048x2048":["https:\/\/aslihazalakalin.av.tr\/tr\/wp-content\/uploads\/2023\/08\/ZonguldakveAdaletSarayi-Arkaplan2000x318.png",2000,318,false],"inspiro-featured-image":["https:\/\/aslihazalakalin.av.tr\/tr\/wp-content\/uploads\/2023\/08\/ZonguldakveAdaletSarayi-Arkaplan2000x318.png",2000,318,false],"inspiro-loop":["https:\/\/aslihazalakalin.av.tr\/tr\/wp-content\/uploads\/2023\/08\/ZonguldakveAdaletSarayi-Arkaplan2000x318-950x318.png",950,318,true],"inspiro-loop@2x":["https:\/\/aslihazalakalin.av.tr\/tr\/wp-content\/uploads\/2023\/08\/ZonguldakveAdaletSarayi-Arkaplan2000x318-1900x318.png",1900,318,true],"portfolio_item-thumbnail":["https:\/\/aslihazalakalin.av.tr\/tr\/wp-content\/uploads\/2023\/08\/ZonguldakveAdaletSarayi-Arkaplan2000x318-600x318.png",600,318,true],"portfolio_item-thumbnail@2x":["https:\/\/aslihazalakalin.av.tr\/tr\/wp-content\/uploads\/2023\/08\/ZonguldakveAdaletSarayi-Arkaplan2000x318-1200x318.png",1200,318,true],"portfolio_item-masonry":["https:\/\/aslihazalakalin.av.tr\/tr\/wp-content\/uploads\/2023\/08\/ZonguldakveAdaletSarayi-Arkaplan2000x318-600x95.png",600,95,true],"portfolio_item-masonry@2x":["https:\/\/aslihazalakalin.av.tr\/tr\/wp-content\/uploads\/2023\/08\/ZonguldakveAdaletSarayi-Arkaplan2000x318-1200x191.png",1200,191,true],"portfolio_item-thumbnail_cinema":["https:\/\/aslihazalakalin.av.tr\/tr\/wp-content\/uploads\/2023\/08\/ZonguldakveAdaletSarayi-Arkaplan2000x318-800x318.png",800,318,true],"portfolio_item-thumbnail_portrait":["https:\/\/aslihazalakalin.av.tr\/tr\/wp-content\/uploads\/2023\/08\/ZonguldakveAdaletSarayi-Arkaplan2000x318-600x318.png",600,318,true],"portfolio_item-thumbnail_portrait@2x":["https:\/\/aslihazalakalin.av.tr\/tr\/wp-content\/uploads\/2023\/08\/ZonguldakveAdaletSarayi-Arkaplan2000x318-1200x318.png",1200,318,true],"portfolio_item-thumbnail_square":["https:\/\/aslihazalakalin.av.tr\/tr\/wp-content\/uploads\/2023\/08\/ZonguldakveAdaletSarayi-Arkaplan2000x318-800x318.png",800,318,true]},"_links":{"self":[{"href":"https:\/\/aslihazalakalin.av.tr\/tr\/index.php\/wp-json\/wp\/v2\/pages\/396","targetHints":{"allow":["GET"]}}],"collection":[{"href":"https:\/\/aslihazalakalin.av.tr\/tr\/index.php\/wp-json\/wp\/v2\/pages"}],"about":[{"href":"https:\/\/aslihazalakalin.av.tr\/tr\/index.php\/wp-json\/wp\/v2\/types\/page"}],"author":[{"embeddable":true,"href":"https:\/\/aslihazalakalin.av.tr\/tr\/index.php\/wp-json\/wp\/v2\/users\/1"}],"replies":[{"embeddable":true,"href":"https:\/\/aslihazalakalin.av.tr\/tr\/index.php\/wp-json\/wp\/v2\/comments?post=396"}],"version-history":[{"count":5,"href":"https:\/\/aslihazalakalin.av.tr\/tr\/index.php\/wp-json\/wp\/v2\/pages\/396\/revisions"}],"predecessor-version":[{"id":408,"href":"https:\/\/aslihazalakalin.av.tr\/tr\/index.php\/wp-json\/wp\/v2\/pages\/396\/revisions\/408"}],"wp:featuredmedia":[{"embeddable":true,"href":"https:\/\/aslihazalakalin.av.tr\/tr\/index.php\/wp-json\/wp\/v2\/media\/296"}],"wp:attachment":[{"href":"https:\/\/aslihazalakalin.av.tr\/tr\/index.php\/wp-json\/wp\/v2\/media?parent=396"}],"curies":[{"name":"wp","href":"https:\/\/api.w.org\/{rel}","templated":true}]}}