{"id":369,"date":"2023-09-10T21:28:20","date_gmt":"2023-09-10T18:28:20","guid":{"rendered":"https:\/\/aslihazalakalin.av.tr\/tr\/?page_id=369"},"modified":"2023-09-10T22:11:22","modified_gmt":"2023-09-10T19:11:22","slug":"sigorta-hukuku","status":"publish","type":"page","link":"https:\/\/aslihazalakalin.av.tr\/tr\/index.php\/sigorta-hukuku\/","title":{"rendered":"Sigorta Hukuku"},"content":{"rendered":"\t\t<div data-elementor-type=\"wp-page\" data-elementor-id=\"369\" class=\"elementor elementor-369\">\n\t\t\t\t\t\t\t\t\t<section class=\"elementor-section elementor-top-section elementor-element elementor-element-318e803e elementor-section-boxed elementor-section-height-default elementor-section-height-default\" data-id=\"318e803e\" data-element_type=\"section\">\n\t\t\t\t\t\t<div class=\"elementor-container elementor-column-gap-default\">\n\t\t\t\t\t<div class=\"elementor-column elementor-col-100 elementor-top-column elementor-element elementor-element-33872919\" data-id=\"33872919\" data-element_type=\"column\">\n\t\t\t<div class=\"elementor-widget-wrap elementor-element-populated\">\n\t\t\t\t\t\t\t\t<div class=\"elementor-element elementor-element-2d81b331 elementor-widget elementor-widget-text-editor\" data-id=\"2d81b331\" data-element_type=\"widget\" data-widget_type=\"text-editor.default\">\n\t\t\t\t<div class=\"elementor-widget-container\">\n\t\t\t<style>\/*! elementor - v3.15.0 - 20-08-2023 *\/\n.elementor-widget-text-editor.elementor-drop-cap-view-stacked .elementor-drop-cap{background-color:#69727d;color:#fff}.elementor-widget-text-editor.elementor-drop-cap-view-framed .elementor-drop-cap{color:#69727d;border:3px solid;background-color:transparent}.elementor-widget-text-editor:not(.elementor-drop-cap-view-default) .elementor-drop-cap{margin-top:8px}.elementor-widget-text-editor:not(.elementor-drop-cap-view-default) .elementor-drop-cap-letter{width:1em;height:1em}.elementor-widget-text-editor .elementor-drop-cap{float:left;text-align:center;line-height:1;font-size:50px}.elementor-widget-text-editor .elementor-drop-cap-letter{display:inline-block}<\/style>\t\t\t\t<p><!-- wp:paragraph --><\/p>\n<p>Ekonomik ve sosyal nedenlerle art\u0131k hayat\u0131m\u0131z\u0131n bir par\u00e7as\u0131 haline gelen sigorta, ki\u015filerin hayatta kar\u015f\u0131la\u015fabilecekleri tehlikeler, bunlar sonucunda meydana gelecek zarar ve masraf do\u011furan sonu\u00e7lar\u0131n etkisini azaltmak ve \u00f6nceden tedbir al\u0131nmas\u0131 amac\u0131yla meydana gelmi\u015ftir. \u00c7al\u0131\u015fanlar\u0131n \u00e7al\u0131\u015fma hayat\u0131 ve sonras\u0131nda kar\u015f\u0131la\u015facaklar\u0131 zarar ve masraf do\u011furan sonu\u00e7lar\u0131n \u00e7al\u0131\u015fanlar\u0131 koruma konusunda yeterli olmayaca\u011f\u0131, ki\u015filerin huzur ve g\u00fcven i\u00e7erisinde ya\u015famas\u0131n\u0131n onlar\u0131n temel haklar\u0131 oldu\u011funun da kanun koyucu taraf\u0131ndan belirtilmesi \u00fczerine de sosyal sigortac\u0131l\u0131k yan\u0131nda ayn\u0131 zamanda \u00f6zel sigortac\u0131l\u0131k da devreye girmi\u015ftir. Bu nedenle sigorta hukuku ticaret hukuku kapsam\u0131na giren \u00f6zel bir hukuk dal\u0131d\u0131r.<br><br><\/p>\n<p><!-- \/wp:paragraph --><\/p>\n<p><!-- wp:paragraph --><\/p>\n<p>Sigortalar zarar sigortas\u0131 ve can sigortas\u0131 olmak \u00fczere ikiye ayr\u0131l\u0131rlar. Zarar sigortalar\u0131 ise kendi i\u00e7inde mal sigortalar\u0131 ve sorumluluk sigortalar\u0131 olmak \u00fczere iki s\u0131n\u0131fa ayr\u0131lmaktad\u0131r.&nbsp;Mal sigortalar\u0131na \u00f6rnek olarak; zorunlu deprem sigortas\u0131, yang\u0131n sigortas\u0131, ta\u015f\u0131ma sigortas\u0131, tar\u0131m sigortas\u0131, h\u0131rs\u0131zl\u0131k sigortas\u0131, kasko, makine k\u0131r\u0131lmas\u0131 ve montaj sigortas\u0131, in\u015faat sigortas\u0131, cam k\u0131r\u0131lmas\u0131 sigortas\u0131, alacak sigortas\u0131 \u00f6rnekleri verilebilir. Sorumluluk sigortalar\u0131na ise zorunlu trafik sigortas\u0131, ihtiyari trafik sigortas\u0131, hekim mesleki sorumluluk sigortas\u0131 \u00f6rnekleri verilebilir. Can sigortalar\u0131 ise hayat sigortas\u0131, sa\u011fl\u0131k sigortas\u0131, karayolu yolcu ta\u015f\u0131mac\u0131l\u0131\u011f\u0131 zorunlu koltuk ferdi kaza sigortalar\u0131ndan olu\u015fmaktad\u0131r.<\/p>\n<p><!-- \/wp:paragraph --><\/p>\n<p><!-- wp:paragraph --><\/p>\n<p><br>Av. Asl\u0131 Hazal AKALIN Avukatl\u0131k ve Dan\u0131\u015fmanl\u0131k Ofisi, Sigorta Hukuku alan\u0131nda da m\u00fcvekkillere avukatl\u0131k ve dan\u0131\u015fmanl\u0131k hizmeti vermektedir. Sigorta Hukuku davalar\u0131nda m\u00fcvekkillerin hak kay\u0131plar\u0131 ya\u015famas\u0131n\u0131n \u00f6n\u00fcne ge\u00e7mek, hukuki s\u00fcrecin en iyi \u015fekilde takibini ba\u015ftan sona sa\u011fl\u0131kl\u0131 bir \u015fekilde y\u00fcr\u00fctebilmek ad\u0131na m\u00fcvekkillerle d\u00fczenli ileti\u015fim halinde kal\u0131narak \u00e7al\u0131\u015fmalar\u0131m\u0131z titizlik ve s\u0131k\u0131 bir disiplin i\u00e7erisinde y\u00fcr\u00fct\u00fclmektedir.<\/p>\n<p><!-- \/wp:paragraph --><\/p>\t\t\t\t\t\t<\/div>\n\t\t\t\t<\/div>\n\t\t\t\t\t<\/div>\n\t\t<\/div>\n\t\t\t\t\t\t\t<\/div>\n\t\t<\/section>\n\t\t\t\t\t\t\t<\/div>\n\t\t","protected":false},"excerpt":{"rendered":"<p>Ekonomik ve sosyal nedenlerle art\u0131k hayat\u0131m\u0131z\u0131n bir par\u00e7as\u0131 haline gelen sigorta, ki\u015filerin hayatta kar\u015f\u0131la\u015fabilecekleri tehlikeler, bunlar sonucunda meydana gelecek zarar ve masraf do\u011furan sonu\u00e7lar\u0131n etkisini azaltmak ve \u00f6nceden tedbir al\u0131nmas\u0131 amac\u0131yla meydana gelmi\u015ftir. \u00c7al\u0131\u015fanlar\u0131n \u00e7al\u0131\u015fma hayat\u0131 ve sonras\u0131nda kar\u015f\u0131la\u015facaklar\u0131 zarar ve masraf do\u011furan sonu\u00e7lar\u0131n \u00e7al\u0131\u015fanlar\u0131 koruma konusunda yeterli olmayaca\u011f\u0131, ki\u015filerin huzur ve g\u00fcven i\u00e7erisinde ya\u015famas\u0131n\u0131n &hellip; <\/p>\n<p class=\"link-more\"><a href=\"https:\/\/aslihazalakalin.av.tr\/tr\/index.php\/sigorta-hukuku\/\" class=\"more-link\"><span class=\"screen-reader-text\"> &#8220;Sigorta Hukuku&#8221;<\/span>devam\u0131n\u0131 oku<\/a><\/p>\n","protected":false},"author":1,"featured_media":296,"parent":0,"menu_order":0,"comment_status":"closed","ping_status":"closed","template":"","meta":{"footnotes":""},"class_list":["post-369","page","type-page","status-publish","has-post-thumbnail","hentry"],"featured_media_urls":{"thumbnail":["https:\/\/aslihazalakalin.av.tr\/tr\/wp-content\/uploads\/2023\/08\/ZonguldakveAdaletSarayi-Arkaplan2000x318-150x150.png",150,150,true],"medium":["https:\/\/aslihazalakalin.av.tr\/tr\/wp-content\/uploads\/2023\/08\/ZonguldakveAdaletSarayi-Arkaplan2000x318-300x48.png",300,48,true],"medium_large":["https:\/\/aslihazalakalin.av.tr\/tr\/wp-content\/uploads\/2023\/08\/ZonguldakveAdaletSarayi-Arkaplan2000x318-768x122.png",768,122,true],"large":["https:\/\/aslihazalakalin.av.tr\/tr\/wp-content\/uploads\/2023\/08\/ZonguldakveAdaletSarayi-Arkaplan2000x318-1024x163.png",950,151,true],"1536x1536":["https:\/\/aslihazalakalin.av.tr\/tr\/wp-content\/uploads\/2023\/08\/ZonguldakveAdaletSarayi-Arkaplan2000x318-1536x244.png",1536,244,true],"2048x2048":["https:\/\/aslihazalakalin.av.tr\/tr\/wp-content\/uploads\/2023\/08\/ZonguldakveAdaletSarayi-Arkaplan2000x318.png",2000,318,false],"inspiro-featured-image":["https:\/\/aslihazalakalin.av.tr\/tr\/wp-content\/uploads\/2023\/08\/ZonguldakveAdaletSarayi-Arkaplan2000x318.png",2000,318,false],"inspiro-loop":["https:\/\/aslihazalakalin.av.tr\/tr\/wp-content\/uploads\/2023\/08\/ZonguldakveAdaletSarayi-Arkaplan2000x318-950x318.png",950,318,true],"inspiro-loop@2x":["https:\/\/aslihazalakalin.av.tr\/tr\/wp-content\/uploads\/2023\/08\/ZonguldakveAdaletSarayi-Arkaplan2000x318-1900x318.png",1900,318,true],"portfolio_item-thumbnail":["https:\/\/aslihazalakalin.av.tr\/tr\/wp-content\/uploads\/2023\/08\/ZonguldakveAdaletSarayi-Arkaplan2000x318-600x318.png",600,318,true],"portfolio_item-thumbnail@2x":["https:\/\/aslihazalakalin.av.tr\/tr\/wp-content\/uploads\/2023\/08\/ZonguldakveAdaletSarayi-Arkaplan2000x318-1200x318.png",1200,318,true],"portfolio_item-masonry":["https:\/\/aslihazalakalin.av.tr\/tr\/wp-content\/uploads\/2023\/08\/ZonguldakveAdaletSarayi-Arkaplan2000x318-600x95.png",600,95,true],"portfolio_item-masonry@2x":["https:\/\/aslihazalakalin.av.tr\/tr\/wp-content\/uploads\/2023\/08\/ZonguldakveAdaletSarayi-Arkaplan2000x318-1200x191.png",1200,191,true],"portfolio_item-thumbnail_cinema":["https:\/\/aslihazalakalin.av.tr\/tr\/wp-content\/uploads\/2023\/08\/ZonguldakveAdaletSarayi-Arkaplan2000x318-800x318.png",800,318,true],"portfolio_item-thumbnail_portrait":["https:\/\/aslihazalakalin.av.tr\/tr\/wp-content\/uploads\/2023\/08\/ZonguldakveAdaletSarayi-Arkaplan2000x318-600x318.png",600,318,true],"portfolio_item-thumbnail_portrait@2x":["https:\/\/aslihazalakalin.av.tr\/tr\/wp-content\/uploads\/2023\/08\/ZonguldakveAdaletSarayi-Arkaplan2000x318-1200x318.png",1200,318,true],"portfolio_item-thumbnail_square":["https:\/\/aslihazalakalin.av.tr\/tr\/wp-content\/uploads\/2023\/08\/ZonguldakveAdaletSarayi-Arkaplan2000x318-800x318.png",800,318,true]},"_links":{"self":[{"href":"https:\/\/aslihazalakalin.av.tr\/tr\/index.php\/wp-json\/wp\/v2\/pages\/369","targetHints":{"allow":["GET"]}}],"collection":[{"href":"https:\/\/aslihazalakalin.av.tr\/tr\/index.php\/wp-json\/wp\/v2\/pages"}],"about":[{"href":"https:\/\/aslihazalakalin.av.tr\/tr\/index.php\/wp-json\/wp\/v2\/types\/page"}],"author":[{"embeddable":true,"href":"https:\/\/aslihazalakalin.av.tr\/tr\/index.php\/wp-json\/wp\/v2\/users\/1"}],"replies":[{"embeddable":true,"href":"https:\/\/aslihazalakalin.av.tr\/tr\/index.php\/wp-json\/wp\/v2\/comments?post=369"}],"version-history":[{"count":5,"href":"https:\/\/aslihazalakalin.av.tr\/tr\/index.php\/wp-json\/wp\/v2\/pages\/369\/revisions"}],"predecessor-version":[{"id":410,"href":"https:\/\/aslihazalakalin.av.tr\/tr\/index.php\/wp-json\/wp\/v2\/pages\/369\/revisions\/410"}],"wp:featuredmedia":[{"embeddable":true,"href":"https:\/\/aslihazalakalin.av.tr\/tr\/index.php\/wp-json\/wp\/v2\/media\/296"}],"wp:attachment":[{"href":"https:\/\/aslihazalakalin.av.tr\/tr\/index.php\/wp-json\/wp\/v2\/media?parent=369"}],"curies":[{"name":"wp","href":"https:\/\/api.w.org\/{rel}","templated":true}]}}