{"id":364,"date":"2023-09-10T21:22:06","date_gmt":"2023-09-10T18:22:06","guid":{"rendered":"https:\/\/aslihazalakalin.av.tr\/tr\/?page_id=364"},"modified":"2023-09-10T22:11:48","modified_gmt":"2023-09-10T19:11:48","slug":"tuketici-hukuku","status":"publish","type":"page","link":"https:\/\/aslihazalakalin.av.tr\/tr\/index.php\/tuketici-hukuku\/","title":{"rendered":"T\u00fcketici Hukuku"},"content":{"rendered":"\t\t<div data-elementor-type=\"wp-page\" data-elementor-id=\"364\" class=\"elementor elementor-364\">\n\t\t\t\t\t\t\t\t\t<section class=\"elementor-section elementor-top-section elementor-element elementor-element-413c494f elementor-section-boxed elementor-section-height-default elementor-section-height-default\" data-id=\"413c494f\" data-element_type=\"section\">\n\t\t\t\t\t\t<div class=\"elementor-container elementor-column-gap-default\">\n\t\t\t\t\t<div class=\"elementor-column elementor-col-100 elementor-top-column elementor-element elementor-element-5febaaaf\" data-id=\"5febaaaf\" data-element_type=\"column\">\n\t\t\t<div class=\"elementor-widget-wrap elementor-element-populated\">\n\t\t\t\t\t\t\t\t<div class=\"elementor-element elementor-element-539748fe elementor-widget elementor-widget-text-editor\" data-id=\"539748fe\" data-element_type=\"widget\" data-widget_type=\"text-editor.default\">\n\t\t\t\t<div class=\"elementor-widget-container\">\n\t\t\t<style>\/*! elementor - v3.15.0 - 20-08-2023 *\/\n.elementor-widget-text-editor.elementor-drop-cap-view-stacked .elementor-drop-cap{background-color:#69727d;color:#fff}.elementor-widget-text-editor.elementor-drop-cap-view-framed .elementor-drop-cap{color:#69727d;border:3px solid;background-color:transparent}.elementor-widget-text-editor:not(.elementor-drop-cap-view-default) .elementor-drop-cap{margin-top:8px}.elementor-widget-text-editor:not(.elementor-drop-cap-view-default) .elementor-drop-cap-letter{width:1em;height:1em}.elementor-widget-text-editor .elementor-drop-cap{float:left;text-align:center;line-height:1;font-size:50px}.elementor-widget-text-editor .elementor-drop-cap-letter{display:inline-block}<\/style>\t\t\t\t<p><!-- wp:paragraph --><\/p>\n<p>\u00dclkemizde t\u00fcketiciyi korumaya y\u00f6nelik en \u00f6nemli yasal mevzuat 1995 y\u0131l\u0131nda 4077 say\u0131l\u0131 T\u00fcketicinin Korunmas\u0131 Hakk\u0131ndaki Kanundur. T\u00fcketicinin korunmas\u0131 hem \u00f6zel hem de kamu hukukunun \u00e7e\u015fitli dallar\u0131n\u0131 ilgilendirmektedir. Bir avukat\u0131n ayn\u0131 zamanda Bor\u00e7lar Hukuku, Ticaret Hukuku, \u0130dare Hukuku, Ceza Hukuku gibi \u00e7e\u015fitli hukuk dallar\u0131nda da yeterli bilgi ve birikime sahip olmas\u0131 gerekir.<br><br>T\u00fcketici i\u015flemi niteli\u011findeki s\u00f6zle\u015fmelerden kaynaklanan uyu\u015fmazl\u0131klarda uyu\u015fmazl\u0131\u011f\u0131n de\u011fer ve miktar\u0131na g\u00f6re T\u00fcketici Mahkemesi veya T\u00fcketici Hakem Heyeti yetkili olmaktad\u0131r.<\/p>\n<p><!-- \/wp:paragraph --><\/p>\n<p><!-- wp:paragraph --><\/p>\n<p>Av. Asl\u0131 Hazal AKALIN Avukatl\u0131k ve Dan\u0131\u015fmanl\u0131k Ofisi, T\u00fcketici Hukuku alan\u0131nda da m\u00fcvekkillere a\u015fa\u011f\u0131da belirtilen konularda avukatl\u0131k ve dan\u0131\u015fmanl\u0131k hizmeti vermektedir.<br><br><\/p><ul><li>T\u00fcketici hakem heyetinde yap\u0131lacak i\u015flemlerde dan\u0131\u015fmanl\u0131k ve temsil\n<\/li><li>T\u00fcketici ve ticaret mahkemelerinde dan\u0131\u015fmanl\u0131k ve temsil<\/li><li>Sat\u0131c\u0131 ile t\u00fcketici aras\u0131nda yap\u0131lacak sulh g\u00f6r\u00fc\u015fmelerinin protokole ba\u011flanmas\u0131<\/li><li>Taksitli sat\u0131\u015f s\u00f6zle\u015fmesi ve \u00f6n \u00f6demeli sat\u0131\u015f s\u00f6zle\u015fmesi<\/li><li>Devre tatil ve uzun s\u00fcreli tatil s\u00f6zle\u015fmeleri<\/li><li>Paket tur s\u00f6zle\u015fmeleri<\/li><li>Mesafeli s\u00f6zle\u015fmeler ve finansal s\u00f6zle\u015fmeler<\/li><li>Abonelik s\u00f6zle\u015fmeleri<\/li><li>Ay\u0131pl\u0131 mal ve ay\u0131pl\u0131 hizmetten do\u011fan sorumluluk, t\u00fcketici s\u00f6zle\u015fmelerindeki haks\u0131z \u015fartlar, t\u00fcketici kredileri ve kredi kartlar\u0131 i\u015flemleri, konut finansman s\u00f6zle\u015fmeleri gibi hukuka ayk\u0131r\u0131 i\u015flemler sonucu a\u00e7\u0131lacak eda, tespit, belirsiz alacak davalar\u0131<\/li><li>6502 say\u0131l\u0131 kanun kapsam\u0131ndaki ceza h\u00fck\u00fcmleri \u00e7er\u00e7evesindeki uyu\u015fmazl\u0131klarda taraflar\u0131n temsili<\/li><li>\nAl\u0131m-sat\u0131m s\u00f6zle\u015fmeleri<\/li><li>T\u00fcketici hukukunda topluluk davas\u0131<\/li><li>T\u00fcketici hukukundan kaynakl\u0131 menfi tespit ve istirdat davalar\u0131<\/li><li>Tapunun d\u00fczeltilmesi ve tescili davalar\u0131, munzam zarar\u0131n \u00f6nlenmesi davas\u0131<\/li><\/ul>\n<p><!-- \/wp:paragraph --><\/p>\t\t\t\t\t\t<\/div>\n\t\t\t\t<\/div>\n\t\t\t\t\t<\/div>\n\t\t<\/div>\n\t\t\t\t\t\t\t<\/div>\n\t\t<\/section>\n\t\t\t\t\t\t\t<\/div>\n\t\t","protected":false},"excerpt":{"rendered":"<p>\u00dclkemizde t\u00fcketiciyi korumaya y\u00f6nelik en \u00f6nemli yasal mevzuat 1995 y\u0131l\u0131nda 4077 say\u0131l\u0131 T\u00fcketicinin Korunmas\u0131 Hakk\u0131ndaki Kanundur. T\u00fcketicinin korunmas\u0131 hem \u00f6zel hem de kamu hukukunun \u00e7e\u015fitli dallar\u0131n\u0131 ilgilendirmektedir. Bir avukat\u0131n ayn\u0131 zamanda Bor\u00e7lar Hukuku, Ticaret Hukuku, \u0130dare Hukuku, Ceza Hukuku gibi \u00e7e\u015fitli hukuk dallar\u0131nda da yeterli bilgi ve birikime sahip olmas\u0131 gerekir. T\u00fcketici i\u015flemi niteli\u011findeki s\u00f6zle\u015fmelerden &hellip; <\/p>\n<p class=\"link-more\"><a href=\"https:\/\/aslihazalakalin.av.tr\/tr\/index.php\/tuketici-hukuku\/\" class=\"more-link\"><span class=\"screen-reader-text\"> &#8220;T\u00fcketici Hukuku&#8221;<\/span>devam\u0131n\u0131 oku<\/a><\/p>\n","protected":false},"author":1,"featured_media":296,"parent":0,"menu_order":0,"comment_status":"closed","ping_status":"closed","template":"","meta":{"footnotes":""},"class_list":["post-364","page","type-page","status-publish","has-post-thumbnail","hentry"],"featured_media_urls":{"thumbnail":["https:\/\/aslihazalakalin.av.tr\/tr\/wp-content\/uploads\/2023\/08\/ZonguldakveAdaletSarayi-Arkaplan2000x318-150x150.png",150,150,true],"medium":["https:\/\/aslihazalakalin.av.tr\/tr\/wp-content\/uploads\/2023\/08\/ZonguldakveAdaletSarayi-Arkaplan2000x318-300x48.png",300,48,true],"medium_large":["https:\/\/aslihazalakalin.av.tr\/tr\/wp-content\/uploads\/2023\/08\/ZonguldakveAdaletSarayi-Arkaplan2000x318-768x122.png",768,122,true],"large":["https:\/\/aslihazalakalin.av.tr\/tr\/wp-content\/uploads\/2023\/08\/ZonguldakveAdaletSarayi-Arkaplan2000x318-1024x163.png",950,151,true],"1536x1536":["https:\/\/aslihazalakalin.av.tr\/tr\/wp-content\/uploads\/2023\/08\/ZonguldakveAdaletSarayi-Arkaplan2000x318-1536x244.png",1536,244,true],"2048x2048":["https:\/\/aslihazalakalin.av.tr\/tr\/wp-content\/uploads\/2023\/08\/ZonguldakveAdaletSarayi-Arkaplan2000x318.png",2000,318,false],"inspiro-featured-image":["https:\/\/aslihazalakalin.av.tr\/tr\/wp-content\/uploads\/2023\/08\/ZonguldakveAdaletSarayi-Arkaplan2000x318.png",2000,318,false],"inspiro-loop":["https:\/\/aslihazalakalin.av.tr\/tr\/wp-content\/uploads\/2023\/08\/ZonguldakveAdaletSarayi-Arkaplan2000x318-950x318.png",950,318,true],"inspiro-loop@2x":["https:\/\/aslihazalakalin.av.tr\/tr\/wp-content\/uploads\/2023\/08\/ZonguldakveAdaletSarayi-Arkaplan2000x318-1900x318.png",1900,318,true],"portfolio_item-thumbnail":["https:\/\/aslihazalakalin.av.tr\/tr\/wp-content\/uploads\/2023\/08\/ZonguldakveAdaletSarayi-Arkaplan2000x318-600x318.png",600,318,true],"portfolio_item-thumbnail@2x":["https:\/\/aslihazalakalin.av.tr\/tr\/wp-content\/uploads\/2023\/08\/ZonguldakveAdaletSarayi-Arkaplan2000x318-1200x318.png",1200,318,true],"portfolio_item-masonry":["https:\/\/aslihazalakalin.av.tr\/tr\/wp-content\/uploads\/2023\/08\/ZonguldakveAdaletSarayi-Arkaplan2000x318-600x95.png",600,95,true],"portfolio_item-masonry@2x":["https:\/\/aslihazalakalin.av.tr\/tr\/wp-content\/uploads\/2023\/08\/ZonguldakveAdaletSarayi-Arkaplan2000x318-1200x191.png",1200,191,true],"portfolio_item-thumbnail_cinema":["https:\/\/aslihazalakalin.av.tr\/tr\/wp-content\/uploads\/2023\/08\/ZonguldakveAdaletSarayi-Arkaplan2000x318-800x318.png",800,318,true],"portfolio_item-thumbnail_portrait":["https:\/\/aslihazalakalin.av.tr\/tr\/wp-content\/uploads\/2023\/08\/ZonguldakveAdaletSarayi-Arkaplan2000x318-600x318.png",600,318,true],"portfolio_item-thumbnail_portrait@2x":["https:\/\/aslihazalakalin.av.tr\/tr\/wp-content\/uploads\/2023\/08\/ZonguldakveAdaletSarayi-Arkaplan2000x318-1200x318.png",1200,318,true],"portfolio_item-thumbnail_square":["https:\/\/aslihazalakalin.av.tr\/tr\/wp-content\/uploads\/2023\/08\/ZonguldakveAdaletSarayi-Arkaplan2000x318-800x318.png",800,318,true]},"_links":{"self":[{"href":"https:\/\/aslihazalakalin.av.tr\/tr\/index.php\/wp-json\/wp\/v2\/pages\/364","targetHints":{"allow":["GET"]}}],"collection":[{"href":"https:\/\/aslihazalakalin.av.tr\/tr\/index.php\/wp-json\/wp\/v2\/pages"}],"about":[{"href":"https:\/\/aslihazalakalin.av.tr\/tr\/index.php\/wp-json\/wp\/v2\/types\/page"}],"author":[{"embeddable":true,"href":"https:\/\/aslihazalakalin.av.tr\/tr\/index.php\/wp-json\/wp\/v2\/users\/1"}],"replies":[{"embeddable":true,"href":"https:\/\/aslihazalakalin.av.tr\/tr\/index.php\/wp-json\/wp\/v2\/comments?post=364"}],"version-history":[{"count":5,"href":"https:\/\/aslihazalakalin.av.tr\/tr\/index.php\/wp-json\/wp\/v2\/pages\/364\/revisions"}],"predecessor-version":[{"id":411,"href":"https:\/\/aslihazalakalin.av.tr\/tr\/index.php\/wp-json\/wp\/v2\/pages\/364\/revisions\/411"}],"wp:featuredmedia":[{"embeddable":true,"href":"https:\/\/aslihazalakalin.av.tr\/tr\/index.php\/wp-json\/wp\/v2\/media\/296"}],"wp:attachment":[{"href":"https:\/\/aslihazalakalin.av.tr\/tr\/index.php\/wp-json\/wp\/v2\/media?parent=364"}],"curies":[{"name":"wp","href":"https:\/\/api.w.org\/{rel}","templated":true}]}}