{"id":359,"date":"2023-09-10T21:16:42","date_gmt":"2023-09-10T18:16:42","guid":{"rendered":"https:\/\/aslihazalakalin.av.tr\/tr\/?page_id=359"},"modified":"2023-09-10T22:12:11","modified_gmt":"2023-09-10T19:12:11","slug":"icra-ve-iflas-hukuku","status":"publish","type":"page","link":"https:\/\/aslihazalakalin.av.tr\/tr\/index.php\/icra-ve-iflas-hukuku\/","title":{"rendered":"\u0130cra ve \u0130flas Hukuku"},"content":{"rendered":"\t\t<div data-elementor-type=\"wp-page\" data-elementor-id=\"359\" class=\"elementor elementor-359\">\n\t\t\t\t\t\t\t\t\t<section class=\"elementor-section elementor-top-section elementor-element elementor-element-270d4fd4 elementor-section-boxed elementor-section-height-default elementor-section-height-default\" data-id=\"270d4fd4\" data-element_type=\"section\">\n\t\t\t\t\t\t<div class=\"elementor-container elementor-column-gap-default\">\n\t\t\t\t\t<div class=\"elementor-column elementor-col-100 elementor-top-column elementor-element elementor-element-2500f045\" data-id=\"2500f045\" data-element_type=\"column\">\n\t\t\t<div class=\"elementor-widget-wrap elementor-element-populated\">\n\t\t\t\t\t\t\t\t<div class=\"elementor-element elementor-element-5fb11cc5 elementor-widget elementor-widget-text-editor\" data-id=\"5fb11cc5\" data-element_type=\"widget\" data-widget_type=\"text-editor.default\">\n\t\t\t\t<div class=\"elementor-widget-container\">\n\t\t\t<style>\/*! elementor - v3.15.0 - 20-08-2023 *\/\n.elementor-widget-text-editor.elementor-drop-cap-view-stacked .elementor-drop-cap{background-color:#69727d;color:#fff}.elementor-widget-text-editor.elementor-drop-cap-view-framed .elementor-drop-cap{color:#69727d;border:3px solid;background-color:transparent}.elementor-widget-text-editor:not(.elementor-drop-cap-view-default) .elementor-drop-cap{margin-top:8px}.elementor-widget-text-editor:not(.elementor-drop-cap-view-default) .elementor-drop-cap-letter{width:1em;height:1em}.elementor-widget-text-editor .elementor-drop-cap{float:left;text-align:center;line-height:1;font-size:50px}.elementor-widget-text-editor .elementor-drop-cap-letter{display:inline-block}<\/style>\t\t\t\t<p><!-- wp:paragraph --><\/p>\n<p>Toplum i\u00e7erisinde bir \u015fekilde bor\u00e7lanan ve bu borcu \u00f6deyemeyen, hukuki anlamda edimi yerine getiremeyen veya getirmekten ka\u00e7\u0131nan bor\u00e7lulardan alacakl\u0131lar\u0131 korumak ve hakk\u0131 olanlar\u0131 almalar\u0131 ad\u0131na devlet mekanizmas\u0131n\u0131n zorlama g\u00fcc\u00fcn\u00fcn devreye girerek alacakl\u0131lar\u0131n taleplerini almas\u0131n\u0131 konu edinen hukuk dal\u0131na icra iflas hukuku, cebri icra hukuku veya takip hukuku denilmektedir. Cebri icra i\u015flemlerinde bulunmak yetkisi bu g\u00fcn yaln\u0131zca Devlete tan\u0131nm\u0131\u015ft\u0131r. Cebri icra organlar\u0131 yani icra dairesince bor\u00e7lunun mallar\u0131na el konulur, bu mallar sat\u0131l\u0131r ve elde edilen parayla da alacakl\u0131n\u0131n alaca\u011f\u0131 \u00f6denir.<br><br>\u0130cra dairelerinin i\u015flemlerinin do\u011fru ve kanuna uygun olup olmad\u0131\u011f\u0131n\u0131 denetlemek de, bu dairelerin i\u015flemlerine kar\u015f\u0131 \u015fikayet ve itirazlar\u0131 inceleyen kurum icra mahkemeleridir. \u0130cra mahkemeleri icra i\u015flemlerinin i\u015fleyi\u015fini denetlemek ve hukuka uygun y\u00fcr\u00fcmesini sa\u011flamak amac\u0131yla olu\u015fturulmu\u015f \u00f6zel bir mahkemedir. Her asliye mahkemesinin yarg\u0131 \u00e7evresinde bir icra mahkemesi bulunur. Ayr\u0131 bir icra mahkemesi bulunmayan yerlerde de o yerin asliye hukuk mahkemesi HSK\u2019n\u0131n karar\u0131nca icra mahkemesinin g\u00f6revini yerine getirir.<br><br>\u0130cra hukuku davalar\u0131 asl\u0131nda T\u00fcrk Bor\u00e7lar Hukuku, E\u015fya Hukuku, Ticaret Hukuku, \u0130\u015f ve Sosyal G\u00fcvenlik Hukuku, Vergi Hukuku gibi alanlarda g\u00f6r\u00fclen davalar, bunlar\u0131n neticesine g\u00f6re a\u00e7\u0131lacak maddi manevi tazminat davalar\u0131 gibi maddi hukuk kaynakl\u0131 durumlara ba\u011fl\u0131 her davan\u0131n sonunda maddi alaca\u011f\u0131n\u0131 elde edemeyen alacakl\u0131n\u0131n yahut ayn\u0131 alaca\u011f\u0131n\u0131 alamayan, ta\u015f\u0131nmaz\u0131ndan tahliye i\u015flemini ger\u00e7ekle\u015ftiremeyen alacakl\u0131lar\u0131n gitmesi gereken kanunu yollar\u0131 bar\u0131nd\u0131ran hukuk dal\u0131d\u0131r. K\u0131sacas\u0131 hukukta alaca\u011f\u0131n\u0131 alamayan alacakl\u0131n\u0131n yolu her zaman icra iflas hukuku alan\u0131na \u00e7\u0131kmaktad\u0131r.<\/p>\n<p><!-- \/wp:paragraph --><\/p>\n<p><!-- wp:paragraph --><\/p>\n<p>Dava yoluna gitmi\u015f ancak alaca\u011f\u0131n\u0131 alamam\u0131\u015f alacakl\u0131n\u0131n, bor\u00e7lunun , yahut haks\u0131z nedenle takip ba\u015flat\u0131lm\u0131\u015f bor\u00e7lunun hakk\u0131n\u0131n hukuki yolda en g\u00fcvenilir \u015fekilde savunulmas\u0131 i\u00e7in mutlaka alan\u0131nda profesyonel bir avukata m\u00fcracaat etmesi gerekmektedir. \u0130cra iflas davalar\u0131nda avukat\u0131n yaln\u0131zca bu alanda de\u011fil, hukukin di\u011fer dallar\u0131na da hakim olmas\u0131 gerekmektedir.<\/p>\n<p><!-- \/wp:paragraph --><\/p>\n<p><!-- wp:paragraph --><\/p>\n<p>Av. Asl\u0131 Hazal AKALIN Avukatl\u0131k ve Dan\u0131\u015fmanl\u0131k Ofisi, \u0130cra \u0130flas Hukuku alan\u0131nda da m\u00fcvekkillere a\u015fa\u011f\u0131da belirtilen konularda avukatl\u0131k ve dan\u0131\u015fmanl\u0131k hizmeti vermektedir.<\/p>\n<p><!-- \/wp:paragraph --><\/p>\n<p><!-- wp:paragraph --><\/p>\n<p><br><\/p><ul><li>\u0130cra takibi ba\u015flat\u0131lmas\u0131, ilaml\u0131 ilams\u0131z takip i\u015flemleri<\/li><li>\u0130laml\u0131 icrada icran\u0131n geri b\u0131rak\u0131lmas\u0131, ta\u015f\u0131nmaz\u0131n teminat g\u00f6sterilerek takibin durdurulmas\u0131<\/li><li>\u0130cra takibine itiraz, icra takibinin iptali ve taliki i\u015flemleri<\/li><li>Kira alaca\u011f\u0131na ili\u015fkin takip ve tahliye davalar\u0131<\/li><li>Kambiyo senetlerine ili\u015fkin takip i\u015flemleri ve itiraz davalar\u0131<\/li><li>\u0130mzaya itiraz davalar\u0131<\/li><li>\u0130tiraz\u0131n kald\u0131r\u0131lmas\u0131 ve itiraz\u0131n iptali davalar\u0131<\/li><li>Tasarrufun iptali davalar\u0131<\/li><li>Banka kredi s\u00f6zle\u015fmelerinden kaynaklanan ihtilaflar\u0131n \u00e7\u00f6z\u00fcm\u00fc<\/li><li>Menfi tespit, istihkak ve istirdat davalar\u0131<\/li><li>\u0130htiyati haciz<\/li><li>Alacakl\u0131s\u0131n\u0131 zarara u\u011fratmak kast\u0131yla mevcudu eksilten bor\u00e7lular hakk\u0131nda a\u00e7\u0131lan davalar<\/li><li>\u00c7ocuk teslimi emrine uymayanlar hakk\u0131nda a\u00e7\u0131lan davalar<\/li><li>\u0130flas davalar\u0131, iflas\u0131n ertelenmesi davalar\u0131<\/li><li>Konkordato<\/li><\/ul><p><br>Avukatl\u0131k ofisimizde \u0130cra ve \u0130flas Hukuku davalar\u0131nda m\u00fcvekkillerin hak kay\u0131plar\u0131 ya\u015famas\u0131n\u0131n \u00f6n\u00fcne ge\u00e7mek, hukuki s\u00fcrecin en iyi \u015fekilde takibini ba\u015ftan sona sa\u011fl\u0131kl\u0131 bir \u015fekilde y\u00fcr\u00fctebilmek ad\u0131na m\u00fcvekkillerle d\u00fczenli ileti\u015fim halinde kal\u0131narak \u00e7al\u0131\u015fmalar\u0131m\u0131z titizlik ve s\u0131k\u0131 bir disiplin i\u00e7erisinde y\u00fcr\u00fct\u00fclmektedir.<\/p>\n<p><!-- \/wp:paragraph --><\/p>\t\t\t\t\t\t<\/div>\n\t\t\t\t<\/div>\n\t\t\t\t\t<\/div>\n\t\t<\/div>\n\t\t\t\t\t\t\t<\/div>\n\t\t<\/section>\n\t\t\t\t\t\t\t<\/div>\n\t\t","protected":false},"excerpt":{"rendered":"<p>Toplum i\u00e7erisinde bir \u015fekilde bor\u00e7lanan ve bu borcu \u00f6deyemeyen, hukuki anlamda edimi yerine getiremeyen veya getirmekten ka\u00e7\u0131nan bor\u00e7lulardan alacakl\u0131lar\u0131 korumak ve hakk\u0131 olanlar\u0131 almalar\u0131 ad\u0131na devlet mekanizmas\u0131n\u0131n zorlama g\u00fcc\u00fcn\u00fcn devreye girerek alacakl\u0131lar\u0131n taleplerini almas\u0131n\u0131 konu edinen hukuk dal\u0131na icra iflas hukuku, cebri icra hukuku veya takip hukuku denilmektedir. Cebri icra i\u015flemlerinde bulunmak yetkisi bu g\u00fcn &hellip; <\/p>\n<p class=\"link-more\"><a href=\"https:\/\/aslihazalakalin.av.tr\/tr\/index.php\/icra-ve-iflas-hukuku\/\" class=\"more-link\"><span class=\"screen-reader-text\"> &#8220;\u0130cra ve \u0130flas Hukuku&#8221;<\/span>devam\u0131n\u0131 oku<\/a><\/p>\n","protected":false},"author":1,"featured_media":296,"parent":0,"menu_order":0,"comment_status":"closed","ping_status":"closed","template":"","meta":{"footnotes":""},"class_list":["post-359","page","type-page","status-publish","has-post-thumbnail","hentry"],"featured_media_urls":{"thumbnail":["https:\/\/aslihazalakalin.av.tr\/tr\/wp-content\/uploads\/2023\/08\/ZonguldakveAdaletSarayi-Arkaplan2000x318-150x150.png",150,150,true],"medium":["https:\/\/aslihazalakalin.av.tr\/tr\/wp-content\/uploads\/2023\/08\/ZonguldakveAdaletSarayi-Arkaplan2000x318-300x48.png",300,48,true],"medium_large":["https:\/\/aslihazalakalin.av.tr\/tr\/wp-content\/uploads\/2023\/08\/ZonguldakveAdaletSarayi-Arkaplan2000x318-768x122.png",768,122,true],"large":["https:\/\/aslihazalakalin.av.tr\/tr\/wp-content\/uploads\/2023\/08\/ZonguldakveAdaletSarayi-Arkaplan2000x318-1024x163.png",950,151,true],"1536x1536":["https:\/\/aslihazalakalin.av.tr\/tr\/wp-content\/uploads\/2023\/08\/ZonguldakveAdaletSarayi-Arkaplan2000x318-1536x244.png",1536,244,true],"2048x2048":["https:\/\/aslihazalakalin.av.tr\/tr\/wp-content\/uploads\/2023\/08\/ZonguldakveAdaletSarayi-Arkaplan2000x318.png",2000,318,false],"inspiro-featured-image":["https:\/\/aslihazalakalin.av.tr\/tr\/wp-content\/uploads\/2023\/08\/ZonguldakveAdaletSarayi-Arkaplan2000x318.png",2000,318,false],"inspiro-loop":["https:\/\/aslihazalakalin.av.tr\/tr\/wp-content\/uploads\/2023\/08\/ZonguldakveAdaletSarayi-Arkaplan2000x318-950x318.png",950,318,true],"inspiro-loop@2x":["https:\/\/aslihazalakalin.av.tr\/tr\/wp-content\/uploads\/2023\/08\/ZonguldakveAdaletSarayi-Arkaplan2000x318-1900x318.png",1900,318,true],"portfolio_item-thumbnail":["https:\/\/aslihazalakalin.av.tr\/tr\/wp-content\/uploads\/2023\/08\/ZonguldakveAdaletSarayi-Arkaplan2000x318-600x318.png",600,318,true],"portfolio_item-thumbnail@2x":["https:\/\/aslihazalakalin.av.tr\/tr\/wp-content\/uploads\/2023\/08\/ZonguldakveAdaletSarayi-Arkaplan2000x318-1200x318.png",1200,318,true],"portfolio_item-masonry":["https:\/\/aslihazalakalin.av.tr\/tr\/wp-content\/uploads\/2023\/08\/ZonguldakveAdaletSarayi-Arkaplan2000x318-600x95.png",600,95,true],"portfolio_item-masonry@2x":["https:\/\/aslihazalakalin.av.tr\/tr\/wp-content\/uploads\/2023\/08\/ZonguldakveAdaletSarayi-Arkaplan2000x318-1200x191.png",1200,191,true],"portfolio_item-thumbnail_cinema":["https:\/\/aslihazalakalin.av.tr\/tr\/wp-content\/uploads\/2023\/08\/ZonguldakveAdaletSarayi-Arkaplan2000x318-800x318.png",800,318,true],"portfolio_item-thumbnail_portrait":["https:\/\/aslihazalakalin.av.tr\/tr\/wp-content\/uploads\/2023\/08\/ZonguldakveAdaletSarayi-Arkaplan2000x318-600x318.png",600,318,true],"portfolio_item-thumbnail_portrait@2x":["https:\/\/aslihazalakalin.av.tr\/tr\/wp-content\/uploads\/2023\/08\/ZonguldakveAdaletSarayi-Arkaplan2000x318-1200x318.png",1200,318,true],"portfolio_item-thumbnail_square":["https:\/\/aslihazalakalin.av.tr\/tr\/wp-content\/uploads\/2023\/08\/ZonguldakveAdaletSarayi-Arkaplan2000x318-800x318.png",800,318,true]},"_links":{"self":[{"href":"https:\/\/aslihazalakalin.av.tr\/tr\/index.php\/wp-json\/wp\/v2\/pages\/359","targetHints":{"allow":["GET"]}}],"collection":[{"href":"https:\/\/aslihazalakalin.av.tr\/tr\/index.php\/wp-json\/wp\/v2\/pages"}],"about":[{"href":"https:\/\/aslihazalakalin.av.tr\/tr\/index.php\/wp-json\/wp\/v2\/types\/page"}],"author":[{"embeddable":true,"href":"https:\/\/aslihazalakalin.av.tr\/tr\/index.php\/wp-json\/wp\/v2\/users\/1"}],"replies":[{"embeddable":true,"href":"https:\/\/aslihazalakalin.av.tr\/tr\/index.php\/wp-json\/wp\/v2\/comments?post=359"}],"version-history":[{"count":5,"href":"https:\/\/aslihazalakalin.av.tr\/tr\/index.php\/wp-json\/wp\/v2\/pages\/359\/revisions"}],"predecessor-version":[{"id":412,"href":"https:\/\/aslihazalakalin.av.tr\/tr\/index.php\/wp-json\/wp\/v2\/pages\/359\/revisions\/412"}],"wp:featuredmedia":[{"embeddable":true,"href":"https:\/\/aslihazalakalin.av.tr\/tr\/index.php\/wp-json\/wp\/v2\/media\/296"}],"wp:attachment":[{"href":"https:\/\/aslihazalakalin.av.tr\/tr\/index.php\/wp-json\/wp\/v2\/media?parent=359"}],"curies":[{"name":"wp","href":"https:\/\/api.w.org\/{rel}","templated":true}]}}