{"id":354,"date":"2023-09-10T21:06:30","date_gmt":"2023-09-10T18:06:30","guid":{"rendered":"https:\/\/aslihazalakalin.av.tr\/tr\/?page_id=354"},"modified":"2023-09-10T22:12:33","modified_gmt":"2023-09-10T19:12:33","slug":"gayrimenkul-hukuku-tapu-iptal-tescil-davalari-ve-kamulastirma","status":"publish","type":"page","link":"https:\/\/aslihazalakalin.av.tr\/tr\/index.php\/gayrimenkul-hukuku-tapu-iptal-tescil-davalari-ve-kamulastirma\/","title":{"rendered":"Gayrimenkul Hukuku, Tapu \u0130ptal Tescil Davalar\u0131 ve Kamula\u015ft\u0131rma"},"content":{"rendered":"\t\t<div data-elementor-type=\"wp-page\" data-elementor-id=\"354\" class=\"elementor elementor-354\">\n\t\t\t\t\t\t\t\t\t<section class=\"elementor-section elementor-top-section elementor-element elementor-element-11130b46 elementor-section-boxed elementor-section-height-default elementor-section-height-default\" data-id=\"11130b46\" data-element_type=\"section\">\n\t\t\t\t\t\t<div class=\"elementor-container elementor-column-gap-default\">\n\t\t\t\t\t<div class=\"elementor-column elementor-col-100 elementor-top-column elementor-element elementor-element-7123755b\" data-id=\"7123755b\" data-element_type=\"column\">\n\t\t\t<div class=\"elementor-widget-wrap elementor-element-populated\">\n\t\t\t\t\t\t\t\t<div class=\"elementor-element elementor-element-679a90d3 elementor-widget elementor-widget-text-editor\" data-id=\"679a90d3\" data-element_type=\"widget\" data-widget_type=\"text-editor.default\">\n\t\t\t\t<div class=\"elementor-widget-container\">\n\t\t\t<style>\/*! elementor - v3.15.0 - 20-08-2023 *\/\n.elementor-widget-text-editor.elementor-drop-cap-view-stacked .elementor-drop-cap{background-color:#69727d;color:#fff}.elementor-widget-text-editor.elementor-drop-cap-view-framed .elementor-drop-cap{color:#69727d;border:3px solid;background-color:transparent}.elementor-widget-text-editor:not(.elementor-drop-cap-view-default) .elementor-drop-cap{margin-top:8px}.elementor-widget-text-editor:not(.elementor-drop-cap-view-default) .elementor-drop-cap-letter{width:1em;height:1em}.elementor-widget-text-editor .elementor-drop-cap{float:left;text-align:center;line-height:1;font-size:50px}.elementor-widget-text-editor .elementor-drop-cap-letter{display:inline-block}<\/style>\t\t\t\t<p><!-- wp:paragraph --><\/p>\n<p>Av. Asl\u0131 Hazal AKALIN Avukatl\u0131k ve Dan\u0131\u015fmanl\u0131k Ofisi, gayrimenkule ait i\u015flem talepleri, davalar, tapu iptal tescil davalar\u0131 ve kamula\u015ft\u0131rma alan\u0131nda da m\u00fcvekkillere a\u015fa\u011f\u0131da belirtilen konularda avukatl\u0131k ve dan\u0131\u015fmanl\u0131k hizmeti vermektedir.<\/p>\n<p><!-- \/wp:paragraph --><\/p>\n<p><!-- wp:paragraph --><\/p>\n<p><br><b>Gayrimenkul Hukuku<\/b><br><br><\/p><ul><li>Ta\u015f\u0131nmaz mallar\u0131n al\u0131m\u0131 sat\u0131m\u0131, yap\u0131 kay\u0131t belgesi al\u0131nmas\u0131 veya bu belgenin iptali<\/li><li>Ta\u015f\u0131nmazdaki ayni haklar\u0131n tesisi ve terkini (intifa, irtibak, ipotek) konular\u0131nda dava ve hukuki destek<\/li><li>Belediyeler, tapu kadastro m\u00fcd\u00fcrl\u00fcklerinde ta\u015f\u0131nmaza ili\u015fkin kay\u0131t kontrol, ta\u015f\u0131nmaz durumlar\u0131na ili\u015fkin de\u011fer ve durum tespitleri<\/li><li>\u0130potek kurulmas\u0131, ipotek terkini<\/li><li>Gayrimenkul sat\u0131\u015f\u0131, kat kar\u015f\u0131l\u0131\u011f\u0131 in\u015faat ve ta\u015f\u0131nmaz in\u015faatlar\u0131na ili\u015fkin s\u00f6zle\u015fmeler haz\u0131rlanmas\u0131 naz\u0131m imar plan\u0131, imar uygulamalar\u0131, imar plan de\u011fi\u015fiklikleri hakk\u0131nda m\u00fcvekkilin istekleri hususunda yat\u0131r\u0131m ama\u00e7l\u0131 bilgilerin toplanmas\u0131 ve sunulmas\u0131<\/li><li>Kat m\u00fclkiyeti ve kat irtifak\u0131yla ilgili davalar<\/li><li>Anata\u015f\u0131nmaz\u0131n y\u00f6netimi hakk\u0131ndaki davalar<\/li><\/ul><p><br><b>Tapu \u0130ptal Tescil<\/b><\/p>\n<p><!-- \/wp:paragraph --><\/p>\n<p><!-- wp:paragraph --><\/p>\n<ul><li>Tapu iptal ve tescil davalar\u0131 ge\u00e7it hakk\u0131 kurulmas\u0131, m\u00fcdahalenin meni davalar\u0131<\/li><li>\u0130zaleyi \u015fuyu davas\u0131<\/li><li>Payda\u015fl\u0131ktan \u00e7\u0131karma davas\u0131<\/li><li>Tapu tahsis i\u015flemleri ve davalar\u0131<\/li><li>Tapu kayd\u0131n\u0131n d\u00fczeltilmesi davas\u0131<\/li><li>Arsa pay\u0131 kat kar\u015f\u0131l\u0131\u011f\u0131 in\u015faat s\u00f6zle\u015fmesi d\u00fczenlenmesi ve bundan do\u011facak davalar<\/li><li>Haks\u0131z i\u015fgal (ecri misil) davalar\u0131<\/li><li>El atman\u0131n \u00f6nlenmesi davas\u0131<\/li><li>Ta\u015fk\u0131n in\u015faat nedeniyle tazminat<\/li><li>\u00d6n al\u0131m ve geri al\u0131m davalar\u0131<\/li><\/ul>\n<p><!-- \/wp:paragraph --><\/p>\n<p><!-- wp:paragraph --><\/p>\n<p><br><\/p><p><b>Kamula\u015ft\u0131rma<\/b><\/p>\n<p><!-- \/wp:paragraph --><\/p>\n<p><!-- wp:paragraph --><\/p>\n<ul><li>Kamula\u015ft\u0131rma bedelinin tespiti ve ta\u015f\u0131nmaz\u0131n idare ad\u0131na tescili davalar\u0131n\u0131n takibi ve y\u00fcr\u00fct\u00fclmesi<\/li><li>Acele kamula\u015ft\u0131rma, trampa yoluyla acele kamula\u015ft\u0131rma, acele i\u015flerde el koyma ve tescil davas\u0131<\/li><li>Tapulu ta\u015f\u0131nmaz mallar\u0131n tescili davas\u0131<\/li><li>Ta\u015f\u0131nmaz mal\u0131n bo\u015falt\u0131lmas\u0131<\/li><li>Kamula\u015ft\u0131rmadan vazge\u00e7me, iade, devir, kamula\u015ft\u0131r\u0131lan ta\u015f\u0131nmaz\u0131n geri al\u0131m davalar\u0131<\/li><li>Kamu kurumlar\u0131 ve t\u00fczel ki\u015filer aras\u0131nda ta\u015f\u0131nmaz mal devri s\u00f6zle\u015fmeleri ve davalar\u0131<\/li><li>Kamula\u015ft\u0131rmadan sonra al\u0131nan tapu kayd\u0131n\u0131n iptali davas\u0131<\/li><li>Kamula\u015ft\u0131rmas\u0131z el atman\u0131n \u00f6nlenmesi davas\u0131 ve buna ba\u011fl\u0131 tazminat davalar\u0131<\/li><li>Kamula\u015ft\u0131rma bedelinden hasar bedelinin d\u00fc\u015f\u00fcr\u00fclmesi istemi<\/li><li>Kamula\u015ft\u0131rma i\u015flemindeki maddi hatalar\u0131n d\u00fczeltilmesi istemi<\/li><\/ul><p><br><\/p><p>Avukatl\u0131k ofisimizde yukar\u0131da belirtti\u011fimiz ilgili davalarda m\u00fcvekkillerin hak kay\u0131plar\u0131 ya\u015famas\u0131n\u0131n \u00f6n\u00fcne ge\u00e7mek , hukuki s\u00fcrecin en iyi \u015fekilde takibini ba\u015ftan sona sa\u011fl\u0131kl\u0131 bir \u015fekilde y\u00fcr\u00fctebilmek ad\u0131na m\u00fcvekkillerle d\u00fczenli ileti\u015fim halinde kal\u0131narak \u00e7al\u0131\u015fmalar\u0131m\u0131z titizlik ve s\u0131k\u0131 bir disiplin i\u00e7erisinde y\u00fcr\u00fct\u00fclmektedir.<\/p>\n<p><!-- \/wp:paragraph --><\/p>\t\t\t\t\t\t<\/div>\n\t\t\t\t<\/div>\n\t\t\t\t\t<\/div>\n\t\t<\/div>\n\t\t\t\t\t\t\t<\/div>\n\t\t<\/section>\n\t\t\t\t\t\t\t<\/div>\n\t\t","protected":false},"excerpt":{"rendered":"<p>Av. Asl\u0131 Hazal AKALIN Avukatl\u0131k ve Dan\u0131\u015fmanl\u0131k Ofisi, gayrimenkule ait i\u015flem talepleri, davalar, tapu iptal tescil davalar\u0131 ve kamula\u015ft\u0131rma alan\u0131nda da m\u00fcvekkillere a\u015fa\u011f\u0131da belirtilen konularda avukatl\u0131k ve dan\u0131\u015fmanl\u0131k hizmeti vermektedir. Gayrimenkul Hukuku Ta\u015f\u0131nmaz mallar\u0131n al\u0131m\u0131 sat\u0131m\u0131, yap\u0131 kay\u0131t belgesi al\u0131nmas\u0131 veya bu belgenin iptali Ta\u015f\u0131nmazdaki ayni haklar\u0131n tesisi ve terkini (intifa, irtibak, ipotek) konular\u0131nda dava &hellip; <\/p>\n<p class=\"link-more\"><a href=\"https:\/\/aslihazalakalin.av.tr\/tr\/index.php\/gayrimenkul-hukuku-tapu-iptal-tescil-davalari-ve-kamulastirma\/\" class=\"more-link\"><span class=\"screen-reader-text\"> &#8220;Gayrimenkul Hukuku, Tapu \u0130ptal Tescil Davalar\u0131 ve Kamula\u015ft\u0131rma&#8221;<\/span>devam\u0131n\u0131 oku<\/a><\/p>\n","protected":false},"author":1,"featured_media":296,"parent":0,"menu_order":0,"comment_status":"closed","ping_status":"closed","template":"","meta":{"footnotes":""},"class_list":["post-354","page","type-page","status-publish","has-post-thumbnail","hentry"],"featured_media_urls":{"thumbnail":["https:\/\/aslihazalakalin.av.tr\/tr\/wp-content\/uploads\/2023\/08\/ZonguldakveAdaletSarayi-Arkaplan2000x318-150x150.png",150,150,true],"medium":["https:\/\/aslihazalakalin.av.tr\/tr\/wp-content\/uploads\/2023\/08\/ZonguldakveAdaletSarayi-Arkaplan2000x318-300x48.png",300,48,true],"medium_large":["https:\/\/aslihazalakalin.av.tr\/tr\/wp-content\/uploads\/2023\/08\/ZonguldakveAdaletSarayi-Arkaplan2000x318-768x122.png",768,122,true],"large":["https:\/\/aslihazalakalin.av.tr\/tr\/wp-content\/uploads\/2023\/08\/ZonguldakveAdaletSarayi-Arkaplan2000x318-1024x163.png",950,151,true],"1536x1536":["https:\/\/aslihazalakalin.av.tr\/tr\/wp-content\/uploads\/2023\/08\/ZonguldakveAdaletSarayi-Arkaplan2000x318-1536x244.png",1536,244,true],"2048x2048":["https:\/\/aslihazalakalin.av.tr\/tr\/wp-content\/uploads\/2023\/08\/ZonguldakveAdaletSarayi-Arkaplan2000x318.png",2000,318,false],"inspiro-featured-image":["https:\/\/aslihazalakalin.av.tr\/tr\/wp-content\/uploads\/2023\/08\/ZonguldakveAdaletSarayi-Arkaplan2000x318.png",2000,318,false],"inspiro-loop":["https:\/\/aslihazalakalin.av.tr\/tr\/wp-content\/uploads\/2023\/08\/ZonguldakveAdaletSarayi-Arkaplan2000x318-950x318.png",950,318,true],"inspiro-loop@2x":["https:\/\/aslihazalakalin.av.tr\/tr\/wp-content\/uploads\/2023\/08\/ZonguldakveAdaletSarayi-Arkaplan2000x318-1900x318.png",1900,318,true],"portfolio_item-thumbnail":["https:\/\/aslihazalakalin.av.tr\/tr\/wp-content\/uploads\/2023\/08\/ZonguldakveAdaletSarayi-Arkaplan2000x318-600x318.png",600,318,true],"portfolio_item-thumbnail@2x":["https:\/\/aslihazalakalin.av.tr\/tr\/wp-content\/uploads\/2023\/08\/ZonguldakveAdaletSarayi-Arkaplan2000x318-1200x318.png",1200,318,true],"portfolio_item-masonry":["https:\/\/aslihazalakalin.av.tr\/tr\/wp-content\/uploads\/2023\/08\/ZonguldakveAdaletSarayi-Arkaplan2000x318-600x95.png",600,95,true],"portfolio_item-masonry@2x":["https:\/\/aslihazalakalin.av.tr\/tr\/wp-content\/uploads\/2023\/08\/ZonguldakveAdaletSarayi-Arkaplan2000x318-1200x191.png",1200,191,true],"portfolio_item-thumbnail_cinema":["https:\/\/aslihazalakalin.av.tr\/tr\/wp-content\/uploads\/2023\/08\/ZonguldakveAdaletSarayi-Arkaplan2000x318-800x318.png",800,318,true],"portfolio_item-thumbnail_portrait":["https:\/\/aslihazalakalin.av.tr\/tr\/wp-content\/uploads\/2023\/08\/ZonguldakveAdaletSarayi-Arkaplan2000x318-600x318.png",600,318,true],"portfolio_item-thumbnail_portrait@2x":["https:\/\/aslihazalakalin.av.tr\/tr\/wp-content\/uploads\/2023\/08\/ZonguldakveAdaletSarayi-Arkaplan2000x318-1200x318.png",1200,318,true],"portfolio_item-thumbnail_square":["https:\/\/aslihazalakalin.av.tr\/tr\/wp-content\/uploads\/2023\/08\/ZonguldakveAdaletSarayi-Arkaplan2000x318-800x318.png",800,318,true]},"_links":{"self":[{"href":"https:\/\/aslihazalakalin.av.tr\/tr\/index.php\/wp-json\/wp\/v2\/pages\/354","targetHints":{"allow":["GET"]}}],"collection":[{"href":"https:\/\/aslihazalakalin.av.tr\/tr\/index.php\/wp-json\/wp\/v2\/pages"}],"about":[{"href":"https:\/\/aslihazalakalin.av.tr\/tr\/index.php\/wp-json\/wp\/v2\/types\/page"}],"author":[{"embeddable":true,"href":"https:\/\/aslihazalakalin.av.tr\/tr\/index.php\/wp-json\/wp\/v2\/users\/1"}],"replies":[{"embeddable":true,"href":"https:\/\/aslihazalakalin.av.tr\/tr\/index.php\/wp-json\/wp\/v2\/comments?post=354"}],"version-history":[{"count":5,"href":"https:\/\/aslihazalakalin.av.tr\/tr\/index.php\/wp-json\/wp\/v2\/pages\/354\/revisions"}],"predecessor-version":[{"id":413,"href":"https:\/\/aslihazalakalin.av.tr\/tr\/index.php\/wp-json\/wp\/v2\/pages\/354\/revisions\/413"}],"wp:featuredmedia":[{"embeddable":true,"href":"https:\/\/aslihazalakalin.av.tr\/tr\/index.php\/wp-json\/wp\/v2\/media\/296"}],"wp:attachment":[{"href":"https:\/\/aslihazalakalin.av.tr\/tr\/index.php\/wp-json\/wp\/v2\/media?parent=354"}],"curies":[{"name":"wp","href":"https:\/\/api.w.org\/{rel}","templated":true}]}}