{"id":262,"date":"2023-08-28T12:21:07","date_gmt":"2023-08-28T09:21:07","guid":{"rendered":"https:\/\/aslihazalakalin.av.tr\/tr\/?page_id=262"},"modified":"2023-08-29T14:41:36","modified_gmt":"2023-08-29T11:41:36","slug":"miras-hukuku","status":"publish","type":"page","link":"https:\/\/aslihazalakalin.av.tr\/tr\/index.php\/miras-hukuku\/","title":{"rendered":"Miras Hukuku"},"content":{"rendered":"\t\t<div data-elementor-type=\"wp-page\" data-elementor-id=\"262\" class=\"elementor elementor-262\">\n\t\t\t\t\t\t\t\t\t<section class=\"elementor-section elementor-top-section elementor-element elementor-element-331d2b60 elementor-section-boxed elementor-section-height-default elementor-section-height-default\" data-id=\"331d2b60\" data-element_type=\"section\">\n\t\t\t\t\t\t<div class=\"elementor-container elementor-column-gap-default\">\n\t\t\t\t\t<div class=\"elementor-column elementor-col-100 elementor-top-column elementor-element elementor-element-54b6f9e8\" data-id=\"54b6f9e8\" data-element_type=\"column\">\n\t\t\t<div class=\"elementor-widget-wrap elementor-element-populated\">\n\t\t\t\t\t\t\t\t<div class=\"elementor-element elementor-element-53bac3ff elementor-widget elementor-widget-text-editor\" data-id=\"53bac3ff\" data-element_type=\"widget\" data-widget_type=\"text-editor.default\">\n\t\t\t\t<div class=\"elementor-widget-container\">\n\t\t\t<style>\/*! elementor - v3.15.0 - 20-08-2023 *\/\n.elementor-widget-text-editor.elementor-drop-cap-view-stacked .elementor-drop-cap{background-color:#69727d;color:#fff}.elementor-widget-text-editor.elementor-drop-cap-view-framed .elementor-drop-cap{color:#69727d;border:3px solid;background-color:transparent}.elementor-widget-text-editor:not(.elementor-drop-cap-view-default) .elementor-drop-cap{margin-top:8px}.elementor-widget-text-editor:not(.elementor-drop-cap-view-default) .elementor-drop-cap-letter{width:1em;height:1em}.elementor-widget-text-editor .elementor-drop-cap{float:left;text-align:center;line-height:1;font-size:50px}.elementor-widget-text-editor .elementor-drop-cap-letter{display:inline-block}<\/style>\t\t\t\t<p><!-- wp:paragraph --><\/p>\n<p>4721 say\u0131l\u0131 T\u00fcrk Medeni Kanununun \u00dc\u00e7\u00fcn\u00fc Kitap 495.-682. Maddelerinde Miras Hukuku d\u00fczenlenmi\u015ftir. Ger\u00e7ek ki\u015fi Miras b\u0131rakan\u0131n (murisin) \u00f6l\u00fcm\u00fc, \u00f6l\u00fcm\u00fcne kesin g\u00f6z\u00fcyle bak\u0131lmay\u0131 gerektiren durumlarda kaybolmas\u0131 halindeki gaipli\u011fi sonucu, mirasa konu olan murisin geride b\u0131rakt\u0131\u011f\u0131 mal varl\u0131\u011f\u0131 (terekesi) \u00fczerinde nas\u0131l \u015fekilde tasarrufta bulunulabilece\u011fini, bu mirasa konu mal varl\u0131\u011f\u0131 \u00fczerinde yasal miras\u00e7\u0131lar veya di\u011fer miras\u00e7\u0131lar\u0131n haklar\u0131, paylar\u0131, bunlar aras\u0131nda terekenin ne \u015fekilde payla\u015ft\u0131r\u0131laca\u011f\u0131, murisin bir borcu s\u00f6z konusuysa bunlar\u0131n kim taraf\u0131ndan, nas\u0131l ve ne \u015fekilde \u00f6denece\u011finin belirlendi\u011fi, miras s\u00f6zle\u015fmesi, vasiyetname, miras\u00e7\u0131l\u0131k belgesi (veraset ilam\u0131) al\u0131nmas\u0131, miras\u0131n kabul\u00fc, reddi vs. gibi konular\u0131 irdeleyen \u00f6zel hukuk dal\u0131d\u0131r. Miras hukukunu genellikle miras intikal s\u00fcre\u00e7leri, bu alanda ya\u015fanan uyu\u015fmazl\u0131klarla alakal\u0131 davalar olu\u015fturmaktad\u0131r.<br><\/p>\n<p>Av. Asl\u0131 Hazal AKALIN Avukatl\u0131k ve Dan\u0131\u015fmanl\u0131k Ofisi, Miras Hukuku alan\u0131nda da m\u00fcvekkillere a\u015fa\u011f\u0131da belirtilen konularda avukatl\u0131k ve dan\u0131\u015fmanl\u0131k hizmeti vermektedir.<\/p>\n<p><!-- \/wp:paragraph --><\/p>\n<p><!-- wp:paragraph --><\/p>\n<ul><li>Miras\u00e7\u0131l\u0131k belgesi al\u0131nmas\u0131 \/ Veraset ilam\u0131 al\u0131nmas\u0131 davas\u0131<\/li><li>Mirastan yoksunlu\u011fun tespiti davas\u0131<\/li><li>\u00d6n miras\u00e7\u0131 \/Art miras\u00e7\u0131 atanmas\u0131na ili\u015fkin davalar<\/li><li>Terekenin mevcudunun tespiti, korunmas\u0131, resmi defterinin tutulmas\u0131na ili\u015fkin davalar<\/li><li>Muris muvazaas\u0131na dayal\u0131 tapu iptal tescil davalar\u0131<\/li><li>Mirasta denkle\u015ftirme ve terekeye iade davalar\u0131<\/li><li>Tenkis davalar\u0131<\/li><li>Mirasta istihkak davalar\u0131<\/li><li>Miras s\u00f6zle\u015fmesinden kaynakl\u0131 davalar<\/li><li>Vasiyetname ve vasiyetnameye ili\u015fkin davalar<\/li><li>Mirasta tasfiyenin yap\u0131lmas\u0131na ili\u015fkin davalar<\/li><li>Miras\u0131n reddi davalar\u0131<\/li><li>Mirastan feragat davas\u0131<\/li><li>Miras\u00e7\u0131l\u0131ktan \u00e7\u0131karma tasarrufun iptali davas\u0131<\/li><li>Miras\u0131n payla\u015ft\u0131r\u0131lmas\u0131na ili\u015fkin davalar<\/li><li>Miras ortakl\u0131\u011f\u0131na ili\u015fkin davalar<\/li><\/ul>\n<p><!-- \/wp:paragraph --><\/p>\n<p><!-- wp:paragraph --><\/p>\n<p>Avukatl\u0131k ofisimizde miras hukukuyla ilgili davalarda m\u00fcvekkillerin hak kay\u0131plar\u0131 ya\u015famas\u0131n\u0131n \u00f6n\u00fcne ge\u00e7mek, hukuki s\u00fcrecin en iyi \u015fekilde takibini ba\u015ftan sona sa\u011fl\u0131kl\u0131 bir \u015fekilde y\u00fcr\u00fctebilmek ad\u0131na m\u00fcvekkillerle d\u00fczenli ileti\u015fim halinde kal\u0131narak \u00e7al\u0131\u015fmalar\u0131m\u0131z titizlik ve s\u0131k\u0131 bir disiplin i\u00e7erisinde y\u00fcr\u00fct\u00fclmektedir.<\/p>\n<p><!-- \/wp:paragraph --><\/p>\t\t\t\t\t\t<\/div>\n\t\t\t\t<\/div>\n\t\t\t\t\t<\/div>\n\t\t<\/div>\n\t\t\t\t\t\t\t<\/div>\n\t\t<\/section>\n\t\t\t\t\t\t\t<\/div>\n\t\t","protected":false},"excerpt":{"rendered":"<p>4721 say\u0131l\u0131 T\u00fcrk Medeni Kanununun \u00dc\u00e7\u00fcn\u00fc Kitap 495.-682. Maddelerinde Miras Hukuku d\u00fczenlenmi\u015ftir. Ger\u00e7ek ki\u015fi Miras b\u0131rakan\u0131n (murisin) \u00f6l\u00fcm\u00fc, \u00f6l\u00fcm\u00fcne kesin g\u00f6z\u00fcyle bak\u0131lmay\u0131 gerektiren durumlarda kaybolmas\u0131 halindeki gaipli\u011fi sonucu, mirasa konu olan murisin geride b\u0131rakt\u0131\u011f\u0131 mal varl\u0131\u011f\u0131 (terekesi) \u00fczerinde nas\u0131l \u015fekilde tasarrufta bulunulabilece\u011fini, bu mirasa konu mal varl\u0131\u011f\u0131 \u00fczerinde yasal miras\u00e7\u0131lar veya di\u011fer miras\u00e7\u0131lar\u0131n haklar\u0131, paylar\u0131, &hellip; <\/p>\n<p class=\"link-more\"><a href=\"https:\/\/aslihazalakalin.av.tr\/tr\/index.php\/miras-hukuku\/\" class=\"more-link\"><span class=\"screen-reader-text\"> &#8220;Miras Hukuku&#8221;<\/span>devam\u0131n\u0131 oku<\/a><\/p>\n","protected":false},"author":1,"featured_media":296,"parent":0,"menu_order":0,"comment_status":"closed","ping_status":"closed","template":"","meta":{"footnotes":""},"class_list":["post-262","page","type-page","status-publish","has-post-thumbnail","hentry"],"featured_media_urls":{"thumbnail":["https:\/\/aslihazalakalin.av.tr\/tr\/wp-content\/uploads\/2023\/08\/ZonguldakveAdaletSarayi-Arkaplan2000x318-150x150.png",150,150,true],"medium":["https:\/\/aslihazalakalin.av.tr\/tr\/wp-content\/uploads\/2023\/08\/ZonguldakveAdaletSarayi-Arkaplan2000x318-300x48.png",300,48,true],"medium_large":["https:\/\/aslihazalakalin.av.tr\/tr\/wp-content\/uploads\/2023\/08\/ZonguldakveAdaletSarayi-Arkaplan2000x318-768x122.png",768,122,true],"large":["https:\/\/aslihazalakalin.av.tr\/tr\/wp-content\/uploads\/2023\/08\/ZonguldakveAdaletSarayi-Arkaplan2000x318-1024x163.png",950,151,true],"1536x1536":["https:\/\/aslihazalakalin.av.tr\/tr\/wp-content\/uploads\/2023\/08\/ZonguldakveAdaletSarayi-Arkaplan2000x318-1536x244.png",1536,244,true],"2048x2048":["https:\/\/aslihazalakalin.av.tr\/tr\/wp-content\/uploads\/2023\/08\/ZonguldakveAdaletSarayi-Arkaplan2000x318.png",2000,318,false],"inspiro-featured-image":["https:\/\/aslihazalakalin.av.tr\/tr\/wp-content\/uploads\/2023\/08\/ZonguldakveAdaletSarayi-Arkaplan2000x318.png",2000,318,false],"inspiro-loop":["https:\/\/aslihazalakalin.av.tr\/tr\/wp-content\/uploads\/2023\/08\/ZonguldakveAdaletSarayi-Arkaplan2000x318-950x318.png",950,318,true],"inspiro-loop@2x":["https:\/\/aslihazalakalin.av.tr\/tr\/wp-content\/uploads\/2023\/08\/ZonguldakveAdaletSarayi-Arkaplan2000x318-1900x318.png",1900,318,true],"portfolio_item-thumbnail":["https:\/\/aslihazalakalin.av.tr\/tr\/wp-content\/uploads\/2023\/08\/ZonguldakveAdaletSarayi-Arkaplan2000x318-600x318.png",600,318,true],"portfolio_item-thumbnail@2x":["https:\/\/aslihazalakalin.av.tr\/tr\/wp-content\/uploads\/2023\/08\/ZonguldakveAdaletSarayi-Arkaplan2000x318-1200x318.png",1200,318,true],"portfolio_item-masonry":["https:\/\/aslihazalakalin.av.tr\/tr\/wp-content\/uploads\/2023\/08\/ZonguldakveAdaletSarayi-Arkaplan2000x318-600x95.png",600,95,true],"portfolio_item-masonry@2x":["https:\/\/aslihazalakalin.av.tr\/tr\/wp-content\/uploads\/2023\/08\/ZonguldakveAdaletSarayi-Arkaplan2000x318-1200x191.png",1200,191,true],"portfolio_item-thumbnail_cinema":["https:\/\/aslihazalakalin.av.tr\/tr\/wp-content\/uploads\/2023\/08\/ZonguldakveAdaletSarayi-Arkaplan2000x318-800x318.png",800,318,true],"portfolio_item-thumbnail_portrait":["https:\/\/aslihazalakalin.av.tr\/tr\/wp-content\/uploads\/2023\/08\/ZonguldakveAdaletSarayi-Arkaplan2000x318-600x318.png",600,318,true],"portfolio_item-thumbnail_portrait@2x":["https:\/\/aslihazalakalin.av.tr\/tr\/wp-content\/uploads\/2023\/08\/ZonguldakveAdaletSarayi-Arkaplan2000x318-1200x318.png",1200,318,true],"portfolio_item-thumbnail_square":["https:\/\/aslihazalakalin.av.tr\/tr\/wp-content\/uploads\/2023\/08\/ZonguldakveAdaletSarayi-Arkaplan2000x318-800x318.png",800,318,true]},"_links":{"self":[{"href":"https:\/\/aslihazalakalin.av.tr\/tr\/index.php\/wp-json\/wp\/v2\/pages\/262","targetHints":{"allow":["GET"]}}],"collection":[{"href":"https:\/\/aslihazalakalin.av.tr\/tr\/index.php\/wp-json\/wp\/v2\/pages"}],"about":[{"href":"https:\/\/aslihazalakalin.av.tr\/tr\/index.php\/wp-json\/wp\/v2\/types\/page"}],"author":[{"embeddable":true,"href":"https:\/\/aslihazalakalin.av.tr\/tr\/index.php\/wp-json\/wp\/v2\/users\/1"}],"replies":[{"embeddable":true,"href":"https:\/\/aslihazalakalin.av.tr\/tr\/index.php\/wp-json\/wp\/v2\/comments?post=262"}],"version-history":[{"count":5,"href":"https:\/\/aslihazalakalin.av.tr\/tr\/index.php\/wp-json\/wp\/v2\/pages\/262\/revisions"}],"predecessor-version":[{"id":272,"href":"https:\/\/aslihazalakalin.av.tr\/tr\/index.php\/wp-json\/wp\/v2\/pages\/262\/revisions\/272"}],"wp:featuredmedia":[{"embeddable":true,"href":"https:\/\/aslihazalakalin.av.tr\/tr\/index.php\/wp-json\/wp\/v2\/media\/296"}],"wp:attachment":[{"href":"https:\/\/aslihazalakalin.av.tr\/tr\/index.php\/wp-json\/wp\/v2\/media?parent=262"}],"curies":[{"name":"wp","href":"https:\/\/api.w.org\/{rel}","templated":true}]}}