{"id":232,"date":"2023-08-28T11:17:58","date_gmt":"2023-08-28T08:17:58","guid":{"rendered":"https:\/\/aslihazalakalin.av.tr\/tr\/?page_id=232"},"modified":"2023-08-29T14:43:30","modified_gmt":"2023-08-29T11:43:30","slug":"aile-hukuku","status":"publish","type":"page","link":"https:\/\/aslihazalakalin.av.tr\/tr\/index.php\/aile-hukuku\/","title":{"rendered":"Aile Hukuku"},"content":{"rendered":"\t\t<div data-elementor-type=\"wp-page\" data-elementor-id=\"232\" class=\"elementor elementor-232\">\n\t\t\t\t\t\t\t\t\t<section class=\"elementor-section elementor-top-section elementor-element elementor-element-2e483ee7 elementor-section-boxed elementor-section-height-default elementor-section-height-default\" data-id=\"2e483ee7\" data-element_type=\"section\">\n\t\t\t\t\t\t<div class=\"elementor-container elementor-column-gap-default\">\n\t\t\t\t\t<div class=\"elementor-column elementor-col-100 elementor-top-column elementor-element elementor-element-6ecc486\" data-id=\"6ecc486\" data-element_type=\"column\">\n\t\t\t<div class=\"elementor-widget-wrap elementor-element-populated\">\n\t\t\t\t\t\t\t\t<div class=\"elementor-element elementor-element-698e25ad elementor-widget elementor-widget-text-editor\" data-id=\"698e25ad\" data-element_type=\"widget\" data-widget_type=\"text-editor.default\">\n\t\t\t\t<div class=\"elementor-widget-container\">\n\t\t\t<style>\/*! elementor - v3.15.0 - 20-08-2023 *\/\n.elementor-widget-text-editor.elementor-drop-cap-view-stacked .elementor-drop-cap{background-color:#69727d;color:#fff}.elementor-widget-text-editor.elementor-drop-cap-view-framed .elementor-drop-cap{color:#69727d;border:3px solid;background-color:transparent}.elementor-widget-text-editor:not(.elementor-drop-cap-view-default) .elementor-drop-cap{margin-top:8px}.elementor-widget-text-editor:not(.elementor-drop-cap-view-default) .elementor-drop-cap-letter{width:1em;height:1em}.elementor-widget-text-editor .elementor-drop-cap{float:left;text-align:center;line-height:1;font-size:50px}.elementor-widget-text-editor .elementor-drop-cap-letter{display:inline-block}<\/style>\t\t\t\t<p><!-- wp:paragraph --><\/p>\n<p>Dar anlamda aile,&nbsp;anne, baba ve \u00e7ocuklar\u0131n olu\u015fturdu\u011fu toplulu\u011fu ifade eder. Geni\u015f anlamda aile, bir ev ba\u015fkan\u0131n\u0131n y\u00f6netiminde ayn\u0131 \u00e7at\u0131 alt\u0131nda aile halinde birlikte ya\u015fayan kimselerden olu\u015fmu\u015f bulunan insan toplulu\u011funu ifade eder.<br>4721 say\u0131l\u0131 T\u00fcrk Medeni Kanununun \u0130kinci Kitab\u0131nda aile, ana-baba ve \u00e7ocuklar\u0131n birbirlerine kar\u015f\u0131 olan hak ve sorumluluklar\u0131 h\u00fck\u00fcm alt\u0131na al\u0131nm\u0131\u015ft\u0131r. Ayr\u0131ca T\u00fcrk Aile ve aile birli\u011finin korunmas\u0131 \u00f6nem arz etti\u011finden T\u00fcrk Ceza Kanununca da hukuki olarak koruma alt\u0131na al\u0131nm\u0131\u015ft\u0131r.<br><\/p>\n<p>TMK Kanunun \u0130kinci Kitap Birinci K\u0131sm\u0131nda (118.-281. maddelerinde)&nbsp;Evlilik, bo\u015fanma, evlili\u011fin genel h\u00fck\u00fcmleri, e\u015fler aras\u0131ndaki mal rejimi konular\u0131, \u0130kinci k\u0131s\u0131mda &nbsp;(282.-395. maddelerinde) soy ba\u011f\u0131n\u0131n kurulmas\u0131 (evlat edinme, velayet, \u00e7ocuk mallar\u0131 konular\u0131) ve aile (nafaka y\u00fck\u00fcml\u00fcl\u00fc\u011f\u00fc, ev d\u00fczeni, aile mallar\u0131 konular\u0131), \u00dc\u00e7\u00fcnc\u00fc k\u0131s\u0131mda ise (396.-494. maddelerinde) vesayet d\u00fczeni, vesayetin y\u00fcr\u00fct\u00fclmesi ve vesayetin sona ermesi konular\u0131 d\u00fczenlenmi\u015ftir.<br><\/p>\n<p>Aile hukuku kavram\u0131 i\u00e7erisinde ni\u015fanlanma, evlilik, ayr\u0131l\u0131k, velayet davas\u0131 (\u00e7ocuklar\u0131n \u00fcst\u00fcn yarar\u0131 \u00e7er\u00e7evesinde ergin olmayan \u00e7ocuklar\u0131n hangi aile bireyiyle kalmaya devam edecekleri hususundaki uyu\u015fmazl\u0131klar), vesayet davas\u0131, soy ba\u011f\u0131 davalar\u0131, evlili\u011fin sona ermesi, evlili\u011fin sona ermesine ba\u011fl\u0131 olarak y\u00fcr\u00fct\u00fclecek anla\u015fmal\u0131 bo\u015fanma ve \u00e7eki\u015fmeli bo\u015fanma davas\u0131 konular\u0131n\u0131 bar\u0131nd\u0131r\u0131r. Ayr\u0131ca aile hukuku, bo\u015fanma davas\u0131 ve buna ba\u011fl\u0131 ferilere ili\u015fkin davalar (taraflar\u0131n yoksulluk nafakas\u0131, i\u015ftirak nafakas\u0131, maddi manevi tazminat taleplerini), mal payla\u015f\u0131m davalar\u0131 \/ mal rejimi tasfiyesi (kat\u0131lma alaca\u011f\u0131, katk\u0131 pay\u0131 alaca\u011f\u0131, de\u011fer art\u0131\u015f pay\u0131 alaca\u011f\u0131 talepleri) ve ki\u015fisel mal yerine ge\u00e7en (\u00e7eyiz, d\u00fc\u011f\u00fcnde tak\u0131lan alt\u0131nlar vs) ziynetlerin iadesi davalar\u0131n\u0131 kapsamaktad\u0131r.<br><\/p>\n<p>Hukukumuzda ailenin kurulmas\u0131, aile ba\u011flar\u0131, evlilik birli\u011fi, \u00e7ocuklar\u0131n \u00fcst\u00fcn menfaatleri olduk\u00e7a \u00f6nem ta\u015f\u0131maktad\u0131r. Aile birli\u011finin sars\u0131lmas\u0131 ve evlili\u011fin devam etmesinin olanaks\u0131z oldu\u011fu durumlarda bo\u015fanma davas\u0131 g\u00fcndeme gelmektedir. T\u00fcrk Medeni Kanunu bo\u015fanma sebeplerini ikiye ay\u0131rm\u0131\u015ft\u0131r. Buna g\u00f6re evlilik birli\u011finin temelden sars\u0131lmas\u0131 genel ve aldatma, zina, hayata kast, pek k\u00f6t\u00fc veya onur k\u0131r\u0131c\u0131 davran\u0131\u015f, su\u00e7 i\u015fleme ve haysiyetsiz hayat s\u00fcrme, terk, ak\u0131l hastal\u0131\u011f\u0131 gibi sebepler de \u00f6zel bo\u015fanma davas\u0131n\u0131n konusunu olu\u015fturmaktad\u0131r. Bo\u015fanma a\u015famas\u0131na gelmi\u015f \u00e7iftler, hem usul hukuku a\u00e7\u0131s\u0131ndan hak kay\u0131plar\u0131 ya\u015famamak hem de psikolojik olarak bu s\u00fcre\u00e7te daha az y\u0131pranmak ad\u0131na hukuki anlamda alan\u0131nda tecr\u00fcbeli ve uzman bir avukattan veya avukatl\u0131k ofisleriyle ileti\u015fime ge\u00e7erek, dan\u0131\u015fmanl\u0131k almalar\u0131 olduk\u00e7a \u00f6nem arz etmektedir.<br><\/p>\n<p>Av. Asl\u0131 Hazal AKALIN Avukatl\u0131k ve Dan\u0131\u015fmanl\u0131k Ofisi, Aile Hukuku alan\u0131nda da m\u00fcvekkillere a\u015fa\u011f\u0131da belirtilen konularda avukatl\u0131k ve dan\u0131\u015fmanl\u0131k hizmeti vermektedir:<\/p>\n<p><!-- \/wp:paragraph --><\/p>\n<p><!-- wp:paragraph --><\/p>\n<ul><li>Ni\u015fan\u0131n haks\u0131z sona ermesi sonucunda maddi manevi tazminat talepleri ve buna ili\u015fkin davalar\u0131n y\u00fcr\u00fct\u00fclmesi<\/li><li>E\u015fler aras\u0131ndaki yasal mal rejimleri belirlenmesi hususunda hukuki destek<\/li><li>E\u015fler aras\u0131ndaki mal rejimlerine ili\u015fkin uyu\u015fmazl\u0131klarda davalar\u0131n y\u00fcr\u00fct\u00fclmesi<\/li><li>Anla\u015fmal\u0131 Bo\u015fanma, Protokol Haz\u0131rlanmas\u0131 ve Anla\u015fmal\u0131 Bo\u015fanma Davalar\u0131n\u0131n Y\u00fcr\u00fct\u00fclmesi<\/li><li>\u00c7eki\u015fmeli Bo\u015fanma Davalar\u0131n\u0131n Y\u00fcr\u00fct\u00fclmesi<\/li><li>Mal Payla\u015f\u0131m\u0131na \u0130li\u015fkin Davalar\u0131n Y\u00fcr\u00fct\u00fclmesi<\/li><li>Aile \u0130\u00e7i \u015eiddet Durumlar\u0131nda Gerekli Tedbirlerin Al\u0131nmas\u0131<\/li><li>Velayet, Vesayet, Yoksulluk, \u0130\u015ftirak, Yard\u0131m Nafakas\u0131, Maddi Manevi Tazminata ili\u015fkin Davalar\u0131n Y\u00fcr\u00fct\u00fclmesi<\/li><li>Soyba\u011f\u0131na \u0130li\u015fkin Davalar\u0131n Y\u00fcr\u00fct\u00fclmesi<\/li><li>Tan\u0131ma ve tenfiz<\/li><\/ul>\n<p>Avukatl\u0131k ofisimizde aile hukukuyla ilgili davalarda m\u00fcvekkillerin hak kay\u0131plar\u0131 ya\u015famas\u0131n\u0131n \u00f6n\u00fcne ge\u00e7mek, hem hukuki hem de psikolojik nitelikte zor olan bu s\u00fcrecin daha az maddi ve manevi hasarla atlat\u0131lmas\u0131 i\u00e7in m\u00fcvekkillerle d\u00fczenli ileti\u015fim halinde kal\u0131narak \u00e7al\u0131\u015fmalar\u0131m\u0131z titizlik ve s\u0131k\u0131 bir disiplin i\u00e7erisinde y\u00fcr\u00fct\u00fclmektedir.<\/p>\n<p><!-- \/wp:paragraph --><\/p>\t\t\t\t\t\t<\/div>\n\t\t\t\t<\/div>\n\t\t\t\t\t<\/div>\n\t\t<\/div>\n\t\t\t\t\t\t\t<\/div>\n\t\t<\/section>\n\t\t\t\t\t\t\t<\/div>\n\t\t","protected":false},"excerpt":{"rendered":"<p>Dar anlamda aile,&nbsp;anne, baba ve \u00e7ocuklar\u0131n olu\u015fturdu\u011fu toplulu\u011fu ifade eder. Geni\u015f anlamda aile, bir ev ba\u015fkan\u0131n\u0131n y\u00f6netiminde ayn\u0131 \u00e7at\u0131 alt\u0131nda aile halinde birlikte ya\u015fayan kimselerden olu\u015fmu\u015f bulunan insan toplulu\u011funu ifade eder.4721 say\u0131l\u0131 T\u00fcrk Medeni Kanununun \u0130kinci Kitab\u0131nda aile, ana-baba ve \u00e7ocuklar\u0131n birbirlerine kar\u015f\u0131 olan hak ve sorumluluklar\u0131 h\u00fck\u00fcm alt\u0131na al\u0131nm\u0131\u015ft\u0131r. Ayr\u0131ca T\u00fcrk Aile ve aile &hellip; <\/p>\n<p class=\"link-more\"><a href=\"https:\/\/aslihazalakalin.av.tr\/tr\/index.php\/aile-hukuku\/\" class=\"more-link\"><span class=\"screen-reader-text\"> &#8220;Aile Hukuku&#8221;<\/span>devam\u0131n\u0131 oku<\/a><\/p>\n","protected":false},"author":1,"featured_media":296,"parent":0,"menu_order":0,"comment_status":"closed","ping_status":"closed","template":"","meta":{"footnotes":""},"class_list":["post-232","page","type-page","status-publish","has-post-thumbnail","hentry"],"featured_media_urls":{"thumbnail":["https:\/\/aslihazalakalin.av.tr\/tr\/wp-content\/uploads\/2023\/08\/ZonguldakveAdaletSarayi-Arkaplan2000x318-150x150.png",150,150,true],"medium":["https:\/\/aslihazalakalin.av.tr\/tr\/wp-content\/uploads\/2023\/08\/ZonguldakveAdaletSarayi-Arkaplan2000x318-300x48.png",300,48,true],"medium_large":["https:\/\/aslihazalakalin.av.tr\/tr\/wp-content\/uploads\/2023\/08\/ZonguldakveAdaletSarayi-Arkaplan2000x318-768x122.png",768,122,true],"large":["https:\/\/aslihazalakalin.av.tr\/tr\/wp-content\/uploads\/2023\/08\/ZonguldakveAdaletSarayi-Arkaplan2000x318-1024x163.png",950,151,true],"1536x1536":["https:\/\/aslihazalakalin.av.tr\/tr\/wp-content\/uploads\/2023\/08\/ZonguldakveAdaletSarayi-Arkaplan2000x318-1536x244.png",1536,244,true],"2048x2048":["https:\/\/aslihazalakalin.av.tr\/tr\/wp-content\/uploads\/2023\/08\/ZonguldakveAdaletSarayi-Arkaplan2000x318.png",2000,318,false],"inspiro-featured-image":["https:\/\/aslihazalakalin.av.tr\/tr\/wp-content\/uploads\/2023\/08\/ZonguldakveAdaletSarayi-Arkaplan2000x318.png",2000,318,false],"inspiro-loop":["https:\/\/aslihazalakalin.av.tr\/tr\/wp-content\/uploads\/2023\/08\/ZonguldakveAdaletSarayi-Arkaplan2000x318-950x318.png",950,318,true],"inspiro-loop@2x":["https:\/\/aslihazalakalin.av.tr\/tr\/wp-content\/uploads\/2023\/08\/ZonguldakveAdaletSarayi-Arkaplan2000x318-1900x318.png",1900,318,true],"portfolio_item-thumbnail":["https:\/\/aslihazalakalin.av.tr\/tr\/wp-content\/uploads\/2023\/08\/ZonguldakveAdaletSarayi-Arkaplan2000x318-600x318.png",600,318,true],"portfolio_item-thumbnail@2x":["https:\/\/aslihazalakalin.av.tr\/tr\/wp-content\/uploads\/2023\/08\/ZonguldakveAdaletSarayi-Arkaplan2000x318-1200x318.png",1200,318,true],"portfolio_item-masonry":["https:\/\/aslihazalakalin.av.tr\/tr\/wp-content\/uploads\/2023\/08\/ZonguldakveAdaletSarayi-Arkaplan2000x318-600x95.png",600,95,true],"portfolio_item-masonry@2x":["https:\/\/aslihazalakalin.av.tr\/tr\/wp-content\/uploads\/2023\/08\/ZonguldakveAdaletSarayi-Arkaplan2000x318-1200x191.png",1200,191,true],"portfolio_item-thumbnail_cinema":["https:\/\/aslihazalakalin.av.tr\/tr\/wp-content\/uploads\/2023\/08\/ZonguldakveAdaletSarayi-Arkaplan2000x318-800x318.png",800,318,true],"portfolio_item-thumbnail_portrait":["https:\/\/aslihazalakalin.av.tr\/tr\/wp-content\/uploads\/2023\/08\/ZonguldakveAdaletSarayi-Arkaplan2000x318-600x318.png",600,318,true],"portfolio_item-thumbnail_portrait@2x":["https:\/\/aslihazalakalin.av.tr\/tr\/wp-content\/uploads\/2023\/08\/ZonguldakveAdaletSarayi-Arkaplan2000x318-1200x318.png",1200,318,true],"portfolio_item-thumbnail_square":["https:\/\/aslihazalakalin.av.tr\/tr\/wp-content\/uploads\/2023\/08\/ZonguldakveAdaletSarayi-Arkaplan2000x318-800x318.png",800,318,true]},"_links":{"self":[{"href":"https:\/\/aslihazalakalin.av.tr\/tr\/index.php\/wp-json\/wp\/v2\/pages\/232","targetHints":{"allow":["GET"]}}],"collection":[{"href":"https:\/\/aslihazalakalin.av.tr\/tr\/index.php\/wp-json\/wp\/v2\/pages"}],"about":[{"href":"https:\/\/aslihazalakalin.av.tr\/tr\/index.php\/wp-json\/wp\/v2\/types\/page"}],"author":[{"embeddable":true,"href":"https:\/\/aslihazalakalin.av.tr\/tr\/index.php\/wp-json\/wp\/v2\/users\/1"}],"replies":[{"embeddable":true,"href":"https:\/\/aslihazalakalin.av.tr\/tr\/index.php\/wp-json\/wp\/v2\/comments?post=232"}],"version-history":[{"count":5,"href":"https:\/\/aslihazalakalin.av.tr\/tr\/index.php\/wp-json\/wp\/v2\/pages\/232\/revisions"}],"predecessor-version":[{"id":273,"href":"https:\/\/aslihazalakalin.av.tr\/tr\/index.php\/wp-json\/wp\/v2\/pages\/232\/revisions\/273"}],"wp:featuredmedia":[{"embeddable":true,"href":"https:\/\/aslihazalakalin.av.tr\/tr\/index.php\/wp-json\/wp\/v2\/media\/296"}],"wp:attachment":[{"href":"https:\/\/aslihazalakalin.av.tr\/tr\/index.php\/wp-json\/wp\/v2\/media?parent=232"}],"curies":[{"name":"wp","href":"https:\/\/api.w.org\/{rel}","templated":true}]}}