{"id":11,"date":"2023-07-26T14:15:56","date_gmt":"2023-07-26T11:15:56","guid":{"rendered":"http:\/\/aslihazalakalin.av.tr\/tr\/?page_id=11"},"modified":"2023-09-11T15:38:31","modified_gmt":"2023-09-11T12:38:31","slug":"about","status":"publish","type":"page","link":"https:\/\/aslihazalakalin.av.tr\/tr\/index.php\/about\/","title":{"rendered":"Hakk\u0131nda"},"content":{"rendered":"\t\t<div data-elementor-type=\"wp-page\" data-elementor-id=\"11\" class=\"elementor elementor-11\">\n\t\t\t\t\t\t\t\t\t<article class=\"elementor-section elementor-top-section elementor-element elementor-element-5981c596 elementor-section-boxed elementor-section-height-default elementor-section-height-default\" data-id=\"5981c596\" data-element_type=\"section\">\n\t\t\t\t\t\t<div class=\"elementor-container elementor-column-gap-default\">\n\t\t\t\t\t<div class=\"elementor-column elementor-col-100 elementor-top-column elementor-element elementor-element-68e2a643\" data-id=\"68e2a643\" data-element_type=\"column\">\n\t\t\t<div class=\"elementor-widget-wrap elementor-element-populated\">\n\t\t\t\t\t\t\t\t<div class=\"elementor-element elementor-element-769b23a7 elementor-widget elementor-widget-text-editor\" data-id=\"769b23a7\" data-element_type=\"widget\" data-widget_type=\"text-editor.default\">\n\t\t\t\t<div class=\"elementor-widget-container\">\n\t\t\t<style>\/*! elementor - v3.15.0 - 20-08-2023 *\/\n.elementor-widget-text-editor.elementor-drop-cap-view-stacked .elementor-drop-cap{background-color:#69727d;color:#fff}.elementor-widget-text-editor.elementor-drop-cap-view-framed .elementor-drop-cap{color:#69727d;border:3px solid;background-color:transparent}.elementor-widget-text-editor:not(.elementor-drop-cap-view-default) .elementor-drop-cap{margin-top:8px}.elementor-widget-text-editor:not(.elementor-drop-cap-view-default) .elementor-drop-cap-letter{width:1em;height:1em}.elementor-widget-text-editor .elementor-drop-cap{float:left;text-align:center;line-height:1;font-size:50px}.elementor-widget-text-editor .elementor-drop-cap-letter{display:inline-block}<\/style>\t\t\t\t<p><!-- wp:columns {\"align\":\"wide\"} --><\/p>\n<div class=\"wp-block-columns alignwide\">\n<p><!-- wp:column --><\/p>\n<div class=\"wp-block-column\">\n<p><!-- wp:paragraph {\"textColor\":\"black\",\"fontSize\":\"medium\"} --><\/p>\n<p class=\"has-black-color has-text-color has-medium-font-size\">\n<\/p><p><!-- \/wp:paragraph --><\/p>\n<p><!-- wp:group {\"layout\":{\"type\":\"constrained\"}} --><\/p>\n<div class=\"wp-block-group\">\n<p><!-- wp:image {\"align\":\"right\",\"id\":99,\"width\":347,\"height\":480,\"sizeSlug\":\"full\",\"linkDestination\":\"none\"} --><\/p>\n<figure class=\"wp-block-image alignright size-full is-resized\"><img loading=\"lazy\" decoding=\"async\" class=\"wp-image-99 aligncenter\" src=\"https:\/\/aslihazalakalin.av.tr\/tr\/wp-content\/uploads\/2023\/07\/AsliHazalAkalin-Foto1-640.png\" alt=\"\" width=\"347\" height=\"480\" srcset=\"https:\/\/aslihazalakalin.av.tr\/tr\/wp-content\/uploads\/2023\/07\/AsliHazalAkalin-Foto1-640.png 463w, https:\/\/aslihazalakalin.av.tr\/tr\/wp-content\/uploads\/2023\/07\/AsliHazalAkalin-Foto1-640-217x300.png 217w\" sizes=\"auto, (max-width: 347px) 100vw, 347px\" \/><\/figure>\n<p><!-- \/wp:image --><\/p>\n<p><!-- wp:paragraph --><\/p>\n<p>Zonguldak do\u011fumlu olan Akal\u0131n; ilk, orta ve lise \u00f6\u011frenimini bu \u015fehirde tamamlad\u0131. 2018 y\u0131l\u0131nda Ankara Ba\u015fkent \u00dcniversitesi Hukuk Fak\u00fcltesinden mezun olduktan sonra, \u0130zmir\u2019de yasal staj\u0131n\u0131 yapt\u0131 ve bir s\u00fcre bu \u015fehirde \u00e7al\u0131\u015ft\u0131. Akal\u0131n, 2023 y\u0131l\u0131ndan itibaren Zonguldak\u2019ta kendi ofisininde mesleki faaliyetlerine devam etmektedir.<\/p>\n<p>&nbsp;<\/p>\n<p><!-- \/wp:paragraph --><\/p>\n<p><!-- wp:paragraph --><\/p>\n<p>Av. Asl\u0131 Hazal Akal\u0131n, Zonguldak Barosu komisyonlar\u0131nda aktif g\u00f6rev \u00fcstlenmekte, ayr\u0131ca Kozlu Kent Konseyi Y\u00fcr\u00fctme Kurulu ve Kozlu Kent Konseyi Kad\u0131n Meclisi&#8217;nde yer almaktad\u0131r. Akal\u0131n, bunlar\u0131n yan\u0131s\u0131ra Kozlu Kent Konseyi&#8217;nin alt \u00e7al\u0131\u015fma grubu olan Kozlu Hayvan Haklar\u0131 Savunucular\u0131 \u00c7al\u0131\u015fma Grubu&#8217;nun da kurucu ba\u015fkan\u0131 ve \u00fcyesi olarak g\u00f6rev yapmaktad\u0131r.<\/p>\n<p>&nbsp;<\/p>\n<p><!-- \/wp:paragraph --><\/p>\n<p><!-- wp:paragraph --><\/p>\n<p>Av. Asl\u0131 Hazal AKALIN Avukatl\u0131k ve Dan\u0131\u015fmanl\u0131k Ofisinde, m\u00fcvekkillere hukuk ve dan\u0131\u015fmanl\u0131k hizmetlerini h\u0131zl\u0131 ve etkili \u015fekilde t\u00fcm&nbsp;T\u00fcrkiye kapsam\u0131nda sunmaktay\u0131z. Buradan hareketle, T\u00fcrkiye&nbsp;genelinde Zonguldak merkezli olmak \u00fczere Ankara, Bart\u0131n, Karab\u00fck, D\u00fczce, \u0130zmir illerinde de hukuki dan\u0131\u015fmanl\u0131k hizmeti&nbsp;verilmektedir.&nbsp;<\/p>\n<p>Ayr\u0131ca, yurt d\u0131\u015f\u0131nda ya\u015fayan gurbet\u00e7i vatanda\u015flar\u0131m\u0131z\u0131n T\u00fcrkiye&#8217;deki hukuki i\u015flemleri i\u00e7in de hizmet sunmaktay\u0131z.<\/p>\n<p><!-- \/wp:paragraph --><\/p>\n<\/div>\n<p><!-- \/wp:group --><\/p>\n<\/div>\n<p><!-- \/wp:column --><\/p>\n<\/div>\n<p><!-- \/wp:columns --><\/p>\n<p><!-- wp:spacer --><\/p>\n<p><!-- \/wp:spacer --><\/p>\t\t\t\t\t\t<\/div>\n\t\t\t\t<\/div>\n\t\t\t\t\t<\/div>\n\t\t<\/div>\n\t\t\t\t\t\t\t<\/div>\n\t\t<\/article>\n\t\t\t\t\t\t\t<\/div>\n\t\t","protected":false},"excerpt":{"rendered":"<p>Zonguldak do\u011fumlu olan Akal\u0131n; ilk, orta ve lise \u00f6\u011frenimini bu \u015fehirde tamamlad\u0131. 2018 y\u0131l\u0131nda Ankara Ba\u015fkent \u00dcniversitesi Hukuk Fak\u00fcltesinden mezun olduktan sonra, \u0130zmir\u2019de yasal staj\u0131n\u0131 yapt\u0131 ve bir s\u00fcre bu \u015fehirde \u00e7al\u0131\u015ft\u0131. Akal\u0131n, 2023 y\u0131l\u0131ndan itibaren Zonguldak\u2019ta kendi ofisininde mesleki faaliyetlerine devam etmektedir. &nbsp; Av. Asl\u0131 Hazal Akal\u0131n, Zonguldak Barosu komisyonlar\u0131nda aktif g\u00f6rev \u00fcstlenmekte, ayr\u0131ca &hellip; <\/p>\n<p class=\"link-more\"><a href=\"https:\/\/aslihazalakalin.av.tr\/tr\/index.php\/about\/\" class=\"more-link\"><span class=\"screen-reader-text\"> &#8220;Hakk\u0131nda&#8221;<\/span>devam\u0131n\u0131 oku<\/a><\/p>\n","protected":false},"author":1,"featured_media":296,"parent":0,"menu_order":0,"comment_status":"closed","ping_status":"closed","template":"","meta":{"footnotes":""},"class_list":["post-11","page","type-page","status-publish","has-post-thumbnail","hentry"],"featured_media_urls":{"thumbnail":["https:\/\/aslihazalakalin.av.tr\/tr\/wp-content\/uploads\/2023\/08\/ZonguldakveAdaletSarayi-Arkaplan2000x318-150x150.png",150,150,true],"medium":["https:\/\/aslihazalakalin.av.tr\/tr\/wp-content\/uploads\/2023\/08\/ZonguldakveAdaletSarayi-Arkaplan2000x318-300x48.png",300,48,true],"medium_large":["https:\/\/aslihazalakalin.av.tr\/tr\/wp-content\/uploads\/2023\/08\/ZonguldakveAdaletSarayi-Arkaplan2000x318-768x122.png",768,122,true],"large":["https:\/\/aslihazalakalin.av.tr\/tr\/wp-content\/uploads\/2023\/08\/ZonguldakveAdaletSarayi-Arkaplan2000x318-1024x163.png",950,151,true],"1536x1536":["https:\/\/aslihazalakalin.av.tr\/tr\/wp-content\/uploads\/2023\/08\/ZonguldakveAdaletSarayi-Arkaplan2000x318-1536x244.png",1536,244,true],"2048x2048":["https:\/\/aslihazalakalin.av.tr\/tr\/wp-content\/uploads\/2023\/08\/ZonguldakveAdaletSarayi-Arkaplan2000x318.png",2000,318,false],"inspiro-featured-image":["https:\/\/aslihazalakalin.av.tr\/tr\/wp-content\/uploads\/2023\/08\/ZonguldakveAdaletSarayi-Arkaplan2000x318.png",2000,318,false],"inspiro-loop":["https:\/\/aslihazalakalin.av.tr\/tr\/wp-content\/uploads\/2023\/08\/ZonguldakveAdaletSarayi-Arkaplan2000x318-950x318.png",950,318,true],"inspiro-loop@2x":["https:\/\/aslihazalakalin.av.tr\/tr\/wp-content\/uploads\/2023\/08\/ZonguldakveAdaletSarayi-Arkaplan2000x318-1900x318.png",1900,318,true],"portfolio_item-thumbnail":["https:\/\/aslihazalakalin.av.tr\/tr\/wp-content\/uploads\/2023\/08\/ZonguldakveAdaletSarayi-Arkaplan2000x318-600x318.png",600,318,true],"portfolio_item-thumbnail@2x":["https:\/\/aslihazalakalin.av.tr\/tr\/wp-content\/uploads\/2023\/08\/ZonguldakveAdaletSarayi-Arkaplan2000x318-1200x318.png",1200,318,true],"portfolio_item-masonry":["https:\/\/aslihazalakalin.av.tr\/tr\/wp-content\/uploads\/2023\/08\/ZonguldakveAdaletSarayi-Arkaplan2000x318-600x95.png",600,95,true],"portfolio_item-masonry@2x":["https:\/\/aslihazalakalin.av.tr\/tr\/wp-content\/uploads\/2023\/08\/ZonguldakveAdaletSarayi-Arkaplan2000x318-1200x191.png",1200,191,true],"portfolio_item-thumbnail_cinema":["https:\/\/aslihazalakalin.av.tr\/tr\/wp-content\/uploads\/2023\/08\/ZonguldakveAdaletSarayi-Arkaplan2000x318-800x318.png",800,318,true],"portfolio_item-thumbnail_portrait":["https:\/\/aslihazalakalin.av.tr\/tr\/wp-content\/uploads\/2023\/08\/ZonguldakveAdaletSarayi-Arkaplan2000x318-600x318.png",600,318,true],"portfolio_item-thumbnail_portrait@2x":["https:\/\/aslihazalakalin.av.tr\/tr\/wp-content\/uploads\/2023\/08\/ZonguldakveAdaletSarayi-Arkaplan2000x318-1200x318.png",1200,318,true],"portfolio_item-thumbnail_square":["https:\/\/aslihazalakalin.av.tr\/tr\/wp-content\/uploads\/2023\/08\/ZonguldakveAdaletSarayi-Arkaplan2000x318-800x318.png",800,318,true]},"_links":{"self":[{"href":"https:\/\/aslihazalakalin.av.tr\/tr\/index.php\/wp-json\/wp\/v2\/pages\/11","targetHints":{"allow":["GET"]}}],"collection":[{"href":"https:\/\/aslihazalakalin.av.tr\/tr\/index.php\/wp-json\/wp\/v2\/pages"}],"about":[{"href":"https:\/\/aslihazalakalin.av.tr\/tr\/index.php\/wp-json\/wp\/v2\/types\/page"}],"author":[{"embeddable":true,"href":"https:\/\/aslihazalakalin.av.tr\/tr\/index.php\/wp-json\/wp\/v2\/users\/1"}],"replies":[{"embeddable":true,"href":"https:\/\/aslihazalakalin.av.tr\/tr\/index.php\/wp-json\/wp\/v2\/comments?post=11"}],"version-history":[{"count":82,"href":"https:\/\/aslihazalakalin.av.tr\/tr\/index.php\/wp-json\/wp\/v2\/pages\/11\/revisions"}],"predecessor-version":[{"id":644,"href":"https:\/\/aslihazalakalin.av.tr\/tr\/index.php\/wp-json\/wp\/v2\/pages\/11\/revisions\/644"}],"wp:featuredmedia":[{"embeddable":true,"href":"https:\/\/aslihazalakalin.av.tr\/tr\/index.php\/wp-json\/wp\/v2\/media\/296"}],"wp:attachment":[{"href":"https:\/\/aslihazalakalin.av.tr\/tr\/index.php\/wp-json\/wp\/v2\/media?parent=11"}],"curies":[{"name":"wp","href":"https:\/\/api.w.org\/{rel}","templated":true}]}}